{"id":2710,"date":"2023-03-14T09:31:22","date_gmt":"2023-03-14T09:31:22","guid":{"rendered":"https:\/\/hernandezmora.com\/derecho-inmobiliario\/"},"modified":"2023-07-17T14:29:29","modified_gmt":"2023-07-17T14:29:29","slug":"derecho-inmobiliario","status":"publish","type":"page","link":"https:\/\/hernandezmora.com\/fr\/derecho-inmobiliario\/","title":{"rendered":"Derecho inmobiliario"},"content":{"rendered":"\t\t<div data-elementor-type=\"wp-page\" data-elementor-id=\"2710\" class=\"elementor elementor-2710\" data-elementor-post-type=\"page\">\n\t\t\t\t\t\t<section class=\"elementor-section elementor-top-section elementor-element elementor-element-808e794 elementor-section-full_width elementor-section-content-middle banner-superior elementor-section-height-default elementor-section-height-default exad-glass-effect-no exad-sticky-section-no\" data-id=\"808e794\" data-element_type=\"section\" data-e-type=\"section\">\n\t\t\t\t\t\t<div class=\"elementor-container elementor-column-gap-default\">\n\t\t\t\t\t<div class=\"elementor-column elementor-col-50 elementor-top-column elementor-element elementor-element-d01eed1 exad-glass-effect-no exad-sticky-section-no\" data-id=\"d01eed1\" data-element_type=\"column\" data-e-type=\"column\" data-settings=\"{&quot;background_background&quot;:&quot;classic&quot;}\">\n\t\t\t<div class=\"elementor-widget-wrap elementor-element-populated\">\n\t\t\t\t\t\t<div class=\"elementor-element elementor-element-4b4e9ac exad-sticky-section-no exad-glass-effect-no elementor-widget elementor-widget-heading\" data-id=\"4b4e9ac\" data-element_type=\"widget\" data-e-type=\"widget\" data-widget_type=\"heading.default\">\n\t\t\t\t<div class=\"elementor-widget-container\">\n\t\t\t\t\t<h1 class=\"elementor-heading-title elementor-size-default\"><div class=\"contenido-pagina\">DROIT IMMOBILIER<\/div><\/h1>\t\t\t\t<\/div>\n\t\t\t\t<\/div>\n\t\t\t\t<div class=\"elementor-element elementor-element-b923293 exad-sticky-section-no exad-glass-effect-no elementor-widget elementor-widget-text-editor\" data-id=\"b923293\" data-element_type=\"widget\" data-e-type=\"widget\" data-widget_type=\"text-editor.default\">\n\t\t\t\t<div class=\"elementor-widget-container\">\n\t\t\t\t\t\t\t\t\t<div class=\"contenido-pagina\">Nous sommes des avocats sp\u00e9cialis\u00e9s en droit immobilier<\/div>\t\t\t\t\t\t\t\t<\/div>\n\t\t\t\t<\/div>\n\t\t\t\t\t<\/div>\n\t\t<\/div>\n\t\t\t\t<div class=\"elementor-column elementor-col-50 elementor-top-column elementor-element elementor-element-883bf05 exad-glass-effect-no exad-sticky-section-no\" data-id=\"883bf05\" data-element_type=\"column\" data-e-type=\"column\" data-settings=\"{&quot;background_background&quot;:&quot;classic&quot;}\">\n\t\t\t<div class=\"elementor-widget-wrap\">\n\t\t\t\t\t\t\t<\/div>\n\t\t<\/div>\n\t\t\t\t\t<\/div>\n\t\t<\/section>\n\t\t\t\t<section class=\"elementor-section elementor-top-section elementor-element elementor-element-b3640a5 elementor-section-boxed elementor-section-height-default elementor-section-height-default exad-glass-effect-no exad-sticky-section-no\" data-id=\"b3640a5\" data-element_type=\"section\" data-e-type=\"section\">\n\t\t\t\t\t\t<div class=\"elementor-container elementor-column-gap-default\">\n\t\t\t\t\t<div class=\"elementor-column elementor-col-100 elementor-top-column elementor-element elementor-element-f80fa84 exad-glass-effect-no exad-sticky-section-no\" data-id=\"f80fa84\" data-element_type=\"column\" data-e-type=\"column\">\n\t\t\t<div class=\"elementor-widget-wrap elementor-element-populated\">\n\t\t\t\t\t\t<div class=\"elementor-element elementor-element-bccce3d texto-interior exad-sticky-section-no exad-glass-effect-no elementor-widget elementor-widget-text-editor\" data-id=\"bccce3d\" data-element_type=\"widget\" data-e-type=\"widget\" data-widget_type=\"text-editor.default\">\n\t\t\t\t<div class=\"elementor-widget-container\">\n\t\t\t\t\t\t\t\t\t<div><p><span style=\"font-size: inherit;\">Nous sommes des avocats sp\u00e9cialis\u00e9s en droit immobilier, ayant conseill\u00e9 aussi bien des clients\u00a0<\/span><span style=\"font-size: inherit;\">priv\u00e9s que des promoteurs et des constructeurs dans la <b>r\u00e9gion de Murcie<\/b>, dans tous les types\u00a0<\/span><span style=\"font-size: inherit;\">de transactions et de litiges.<\/span><\/p><p><span style=\"font-size: inherit;\">Entre autres services, nos avocats peuvent vous aider dans :<\/span><\/p><p>L&rsquo;achat ou la vente d&rsquo;un bien immobilier <b>dans la r\u00e9gion de Murcie<\/b> : de l&rsquo;analyse et la\u00a0<span style=\"font-size: inherit;\">n\u00e9gociation des conditions du contrat de vente ou d&rsquo;achat ou de la n\u00e9gociation des conditions\u00a0<\/span><span style=\"font-size: inherit;\">du contrat de vente ou de d\u00e9p\u00f4t, y compris l&rsquo;analyse de votre offre de pr\u00eat hypoth\u00e9caire,<\/span><\/p><p><span style=\"font-size: inherit;\">L\u2019accompagnement chez le notaire et la r\u00e9vision du protocole, jusqu&rsquo;\u00e0 la r\u00e9solution des litiges\u00a0<\/span><span style=\"font-size: inherit;\">avec votre agent immobilier ou le vendeur.<\/span><\/p><p>R\u00e9cup\u00e9ration des sommes vers\u00e9es dans le cas d&rsquo;une nouvelle construction : si le contrat a \u00e9t\u00e9\u00a0<span style=\"font-size: inherit;\">rompu ou s&rsquo;il y a des probl\u00e8mes avec le constructeur, nous nous engageons \u00e0 r\u00e9cup\u00e9rer les\u00a0<\/span><span style=\"font-size: inherit;\">sommes vers\u00e9es.<\/span><\/p><p>En cas de rupture du contrat ou de probl\u00e8mes avec le constructeur, le promoteur ou\u00a0<span style=\"font-size: inherit;\">l&rsquo;architecte, nous pouvons vous conseiller et prot\u00e9ger vos int\u00e9r\u00eats.<\/span><\/p><p>Vices cach\u00e9s ou d\u00e9fauts de construction : nous n\u00e9gocierons pour vous une solution \u00e0 l&rsquo;amiable.<\/p><p>Mais si cela n&rsquo;est pas possible, nos avocats ont aid\u00e9 de nombreux clients \u00e0 r\u00e9clamer une\u00a0<span style=\"font-size: inherit;\">indemnisation devant les tribunaux.<\/span><\/p><p>Nos avocats ont aid\u00e9 de nombreux clients \u00e0 r\u00e9clamer une indemnisation ou une remise sur le\u00a0<span style=\"font-size: inherit;\">prix convenu.<\/span><\/p><p>Baux : baux r\u00e9sidentiels et commerciaux. Nous n\u00e9gocions et conseillons en mati\u00e8re de baux et\u00a0<span style=\"font-size: inherit;\">de litiges li\u00e9s \u00e0 la non-conformit\u00e9, au non-paiement des loyers et des expulsions.<\/span><\/p><p>D\u00e9fense dans tous les types de litiges, conseils g\u00e9n\u00e9raux et similaires pour les entreprises de\u00a0<span style=\"font-size: inherit;\">construction.<\/span><\/p><p><\/p><p>VOUS VOULEZ EN SAVOIR PLUS ? CONSULTEZ\u00a0NOTRE BLOG<\/p><\/div>\t\t\t\t\t\t\t\t<\/div>\n\t\t\t\t<\/div>\n\t\t\t\t<div class=\"elementor-element elementor-element-46eb273 elementor-align-center exad-sticky-section-no exad-glass-effect-no elementor-widget elementor-widget-button\" data-id=\"46eb273\" data-element_type=\"widget\" data-e-type=\"widget\" data-widget_type=\"button.default\">\n\t\t\t\t<div class=\"elementor-widget-container\">\n\t\t\t\t\t\t\t\t\t<div class=\"elementor-button-wrapper\">\n\t\t\t\t\t<a class=\"elementor-button elementor-button-link elementor-size-sm\" href=\"https:\/\/hernandezmora.com\/fr\/\">\n\t\t\t\t\t\t<span class=\"elementor-button-content-wrapper\">\n\t\t\t\t\t\t\t\t\t<span class=\"elementor-button-text\">Retour \u00e0<\/span>\n\t\t\t\t\t<\/span>\n\t\t\t\t\t<\/a>\n\t\t\t\t<\/div>\n\t\t\t\t\t\t\t\t<\/div>\n\t\t\t\t<\/div>\n\t\t\t\t\t<\/div>\n\t\t<\/div>\n\t\t\t\t\t<\/div>\n\t\t<\/section>\n\t\t\t\t<section class=\"elementor-section elementor-top-section elementor-element elementor-element-f78a5cf elementor-section-full_width elementor-section-height-default elementor-section-height-default exad-glass-effect-no exad-sticky-section-no\" data-id=\"f78a5cf\" data-element_type=\"section\" data-e-type=\"section\">\n\t\t\t\t\t\t<div class=\"elementor-container elementor-column-gap-default\">\n\t\t\t\t\t<div class=\"elementor-column elementor-col-100 elementor-top-column elementor-element elementor-element-95951cd exad-glass-effect-no exad-sticky-section-no\" data-id=\"95951cd\" data-element_type=\"column\" data-e-type=\"column\">\n\t\t\t<div class=\"elementor-widget-wrap elementor-element-populated\">\n\t\t\t\t\t\t<div class=\"elementor-element elementor-element-93cf49e exad-sticky-section-no exad-glass-effect-no elementor-widget elementor-widget-heading\" data-id=\"93cf49e\" data-element_type=\"widget\" data-e-type=\"widget\" data-widget_type=\"heading.default\">\n\t\t\t\t<div class=\"elementor-widget-container\">\n\t\t\t\t\t<h3 class=\"elementor-heading-title elementor-size-default\">Effectuez votre premi\u00e8re consultation<div class=\"contenido-pagina\"><br><\/div><\/h3>\t\t\t\t<\/div>\n\t\t\t\t<\/div>\n\t\t\t\t<div class=\"elementor-element elementor-element-3fe1347 elementor-widget-divider--view-line exad-sticky-section-no exad-glass-effect-no elementor-widget elementor-widget-divider\" data-id=\"3fe1347\" data-element_type=\"widget\" data-e-type=\"widget\" data-widget_type=\"divider.default\">\n\t\t\t\t<div class=\"elementor-widget-container\">\n\t\t\t\t\t\t\t<div class=\"elementor-divider\">\n\t\t\t<span class=\"elementor-divider-separator\">\n\t\t\t\t\t\t<\/span>\n\t\t<\/div>\n\t\t\t\t\t\t<\/div>\n\t\t\t\t<\/div>\n\t\t\t\t<section class=\"elementor-section elementor-inner-section elementor-element elementor-element-7cf1b5a elementor-section-boxed elementor-section-height-default elementor-section-height-default exad-glass-effect-no exad-sticky-section-no\" data-id=\"7cf1b5a\" data-element_type=\"section\" data-e-type=\"section\">\n\t\t\t\t\t\t<div class=\"elementor-container elementor-column-gap-default\">\n\t\t\t\t\t<div class=\"elementor-column elementor-col-50 elementor-inner-column elementor-element elementor-element-b8cf3bf exad-glass-effect-no exad-sticky-section-no\" data-id=\"b8cf3bf\" data-element_type=\"column\" data-e-type=\"column\">\n\t\t\t<div class=\"elementor-widget-wrap elementor-element-populated\">\n\t\t\t\t\t\t<div class=\"elementor-element elementor-element-6d96575 exad-sticky-section-no exad-glass-effect-no elementor-widget elementor-widget-text-editor\" data-id=\"6d96575\" data-element_type=\"widget\" data-e-type=\"widget\" data-widget_type=\"text-editor.default\">\n\t\t\t\t<div class=\"elementor-widget-container\">\n\t\t\t\t\t\t\t\t\t<div class=\"contenido-pagina\">Parlez-nous de votre cas et nous prendrons contact avec vous.<\/div>\t\t\t\t\t\t\t\t<\/div>\n\t\t\t\t<\/div>\n\t\t\t\t\t<\/div>\n\t\t<\/div>\n\t\t\t\t<div class=\"elementor-column elementor-col-50 elementor-inner-column elementor-element elementor-element-8bf4e8b exad-glass-effect-no exad-sticky-section-no\" data-id=\"8bf4e8b\" data-element_type=\"column\" data-e-type=\"column\">\n\t\t\t<div class=\"elementor-widget-wrap elementor-element-populated\">\n\t\t\t\t\t\t<div class=\"elementor-element elementor-element-6c61bb1 exad-sticky-section-no exad-glass-effect-no elementor-widget elementor-widget-shortcode\" data-id=\"6c61bb1\" data-element_type=\"widget\" data-e-type=\"widget\" data-widget_type=\"shortcode.default\">\n\t\t\t\t<div class=\"elementor-widget-container\">\n\t\t\t\t\t\t\t<div class=\"elementor-shortcode\">\n<div class=\"wpcf7 no-js\" id=\"wpcf7-f3007-o1\" lang=\"fr-FR\" dir=\"ltr\" data-wpcf7-id=\"3007\">\n<div class=\"screen-reader-response\"><p role=\"status\" aria-live=\"polite\" aria-atomic=\"true\"><\/p> <ul><\/ul><\/div>\n<form action=\"\/fr\/wp-json\/wp\/v2\/pages\/2710#wpcf7-f3007-o1\" method=\"post\" class=\"wpcf7-form init\" aria-label=\"Formulaire de contact\" novalidate=\"novalidate\" data-status=\"init\">\n<fieldset class=\"hidden-fields-container\"><input type=\"hidden\" name=\"_wpcf7\" value=\"3007\" \/><input type=\"hidden\" name=\"_wpcf7_version\" value=\"6.1.5\" \/><input type=\"hidden\" name=\"_wpcf7_locale\" value=\"fr_FR\" \/><input type=\"hidden\" name=\"_wpcf7_unit_tag\" value=\"wpcf7-f3007-o1\" \/><input type=\"hidden\" name=\"_wpcf7_container_post\" value=\"0\" \/><input type=\"hidden\" name=\"_wpcf7_posted_data_hash\" value=\"\" \/><input type=\"hidden\" name=\"_wpcf7_recaptcha_response\" value=\"\" \/>\n<\/fieldset>\n<div class=\"row\">\n\t<div class=\"col-12 col-sm-6\">\n\t\t<p><label><span class=\"wpcf7-form-control-wrap\" data-name=\"your-name\"><input size=\"40\" maxlength=\"400\" class=\"wpcf7-form-control wpcf7-text wpcf7-validates-as-required\" aria-required=\"true\" aria-invalid=\"false\" placeholder=\"Nom\" value=\"\" type=\"text\" name=\"your-name\" \/><\/span><\/label>\n\t\t<\/p>\n\t<\/div>\n\t<div class=\"col-12 col-sm-6\">\n\t\t<p><label><span class=\"wpcf7-form-control-wrap\" data-name=\"your-lastname\"><input size=\"40\" maxlength=\"400\" class=\"wpcf7-form-control wpcf7-text wpcf7-validates-as-required\" aria-required=\"true\" aria-invalid=\"false\" placeholder=\"Nom de famille\" value=\"\" type=\"text\" name=\"your-lastname\" \/><\/span><\/label>\n\t\t<\/p>\n\t<\/div>\n\t<div class=\"col-12 col-sm-6\">\n\t\t<p><label><span class=\"wpcf7-form-control-wrap\" data-name=\"your-email\"><input size=\"40\" maxlength=\"400\" class=\"wpcf7-form-control wpcf7-email wpcf7-validates-as-required wpcf7-text wpcf7-validates-as-email\" aria-required=\"true\" aria-invalid=\"false\" placeholder=\"Email\" value=\"\" type=\"email\" name=\"your-email\" \/><\/span><\/label>\n\t\t<\/p>\n\t<\/div>\n\t<div class=\"col-12 col-sm-6\">\n\t\t<p><label><span class=\"wpcf7-form-control-wrap\" data-name=\"your-phone\"><input size=\"40\" maxlength=\"400\" class=\"wpcf7-form-control wpcf7-text wpcf7-validates-as-required\" aria-required=\"true\" aria-invalid=\"false\" placeholder=\"T\u00e9l\u00e9phone\" value=\"\" type=\"text\" name=\"your-phone\" \/><\/span><\/label>\n\t\t<\/p>\n\t<\/div>\n\t<div class=\"col-sm-12\">\n\t\t<p><label><span class=\"wpcf7-form-control-wrap\" data-name=\"your-message\"><textarea cols=\"40\" rows=\"10\" maxlength=\"2000\" class=\"wpcf7-form-control wpcf7-textarea\" aria-invalid=\"false\" placeholder=\"\u00c9crivez votre message ici...\" name=\"your-message\"><\/textarea><\/span><\/label>\n\t\t<\/p>\n\t<\/div>\n\t<p><input class=\"wpcf7-form-control wpcf7-submit has-spinner\" type=\"submit\" value=\"Envoyer\" \/>\n\t<\/p>\n<\/div><p style=\"display: none !important;\" class=\"akismet-fields-container\" data-prefix=\"_wpcf7_ak_\"><label>&#916;<textarea name=\"_wpcf7_ak_hp_textarea\" cols=\"45\" rows=\"8\" maxlength=\"100\"><\/textarea><\/label><input type=\"hidden\" id=\"ak_js_1\" name=\"_wpcf7_ak_js\" value=\"135\"\/><script>document.getElementById( \"ak_js_1\" ).setAttribute( \"value\", ( new Date() ).getTime() );<\/script><\/p><div class=\"wpcf7-response-output\" aria-hidden=\"true\"><\/div>\n<\/form>\n<\/div>\n<\/div>\n\t\t\t\t\t\t<\/div>\n\t\t\t\t<\/div>\n\t\t\t\t\t<\/div>\n\t\t<\/div>\n\t\t\t\t\t<\/div>\n\t\t<\/section>\n\t\t\t\t\t<\/div>\n\t\t<\/div>\n\t\t\t\t\t<\/div>\n\t\t<\/section>\n\t\t\t\t<\/div>\n\t\t","protected":false},"excerpt":{"rendered":"<p>DROIT IMMOBILIER Nous sommes des avocats sp\u00e9cialis\u00e9s en droit immobilier Nous sommes des avocats sp\u00e9cialis\u00e9s en droit immobilier, ayant conseill\u00e9 aussi bien des clients\u00a0priv\u00e9s que des promoteurs et des constructeurs dans la r\u00e9gion de Murcie, dans tous les types\u00a0de transactions et de litiges. Entre autres services, nos avocats peuvent vous [&hellip;]<\/p>\n","protected":false},"author":1,"featured_media":0,"parent":0,"menu_order":0,"comment_status":"closed","ping_status":"closed","template":"elementor_header_footer","meta":{"_joinchat":[],"footnotes":""},"class_list":["post-2710","page","type-page","status-publish","hentry"],"_links":{"self":[{"href":"https:\/\/hernandezmora.com\/fr\/wp-json\/wp\/v2\/pages\/2710","targetHints":{"allow":["GET"]}}],"collection":[{"href":"https:\/\/hernandezmora.com\/fr\/wp-json\/wp\/v2\/pages"}],"about":[{"href":"https:\/\/hernandezmora.com\/fr\/wp-json\/wp\/v2\/types\/page"}],"author":[{"embeddable":true,"href":"https:\/\/hernandezmora.com\/fr\/wp-json\/wp\/v2\/users\/1"}],"replies":[{"embeddable":true,"href":"https:\/\/hernandezmora.com\/fr\/wp-json\/wp\/v2\/comments?post=2710"}],"version-history":[{"count":13,"href":"https:\/\/hernandezmora.com\/fr\/wp-json\/wp\/v2\/pages\/2710\/revisions"}],"predecessor-version":[{"id":3114,"href":"https:\/\/hernandezmora.com\/fr\/wp-json\/wp\/v2\/pages\/2710\/revisions\/3114"}],"wp:attachment":[{"href":"https:\/\/hernandezmora.com\/fr\/wp-json\/wp\/v2\/media?parent=2710"}],"curies":[{"name":"wp","href":"https:\/\/api.w.org\/{rel}","templated":true}]}}