{"id":2714,"date":"2023-03-14T09:49:24","date_gmt":"2023-03-14T09:49:24","guid":{"rendered":"https:\/\/hernandezmora.com\/juicios-y-reclamaciones\/"},"modified":"2023-07-14T11:51:20","modified_gmt":"2023-07-14T11:51:20","slug":"juicios-y-reclamaciones","status":"publish","type":"page","link":"https:\/\/hernandezmora.com\/fr\/juicios-y-reclamaciones\/","title":{"rendered":"Juicios y reclamaciones"},"content":{"rendered":"\t\t<div data-elementor-type=\"wp-page\" data-elementor-id=\"2714\" class=\"elementor elementor-2714\" data-elementor-post-type=\"page\">\n\t\t\t\t\t\t<section class=\"elementor-section elementor-top-section elementor-element elementor-element-808e794 elementor-section-full_width elementor-section-content-middle banner-superior elementor-section-height-default elementor-section-height-default exad-glass-effect-no exad-sticky-section-no\" data-id=\"808e794\" data-element_type=\"section\" data-e-type=\"section\">\n\t\t\t\t\t\t<div class=\"elementor-container elementor-column-gap-default\">\n\t\t\t\t\t<div class=\"elementor-column elementor-col-50 elementor-top-column elementor-element elementor-element-d01eed1 exad-glass-effect-no exad-sticky-section-no\" data-id=\"d01eed1\" data-element_type=\"column\" data-e-type=\"column\" data-settings=\"{&quot;background_background&quot;:&quot;classic&quot;}\">\n\t\t\t<div class=\"elementor-widget-wrap elementor-element-populated\">\n\t\t\t\t\t\t<div class=\"elementor-element elementor-element-4b4e9ac exad-sticky-section-no exad-glass-effect-no elementor-widget elementor-widget-heading\" data-id=\"4b4e9ac\" data-element_type=\"widget\" data-e-type=\"widget\" data-widget_type=\"heading.default\">\n\t\t\t\t<div class=\"elementor-widget-container\">\n\t\t\t\t\t<h1 class=\"elementor-heading-title elementor-size-default\"><div class=\"contenido-pagina\">PROC\u00c8S ET R\u00c9CLAMATIONS<\/div><\/h1>\t\t\t\t<\/div>\n\t\t\t\t<\/div>\n\t\t\t\t<div class=\"elementor-element elementor-element-b923293 exad-sticky-section-no exad-glass-effect-no elementor-widget elementor-widget-text-editor\" data-id=\"b923293\" data-element_type=\"widget\" data-e-type=\"widget\" data-widget_type=\"text-editor.default\">\n\t\t\t\t<div class=\"elementor-widget-container\">\n\t\t\t\t\t\t\t\t\t<div class=\"contenido-pagina\">Proc\u00e8s rapides et d\u00e9lits, r\u00e9clamations, clauses de fond, plus-values, construction, immobilier et<br \/>contrats.<\/div>\t\t\t\t\t\t\t\t<\/div>\n\t\t\t\t<\/div>\n\t\t\t\t\t<\/div>\n\t\t<\/div>\n\t\t\t\t<div class=\"elementor-column elementor-col-50 elementor-top-column elementor-element elementor-element-883bf05 exad-glass-effect-no exad-sticky-section-no\" data-id=\"883bf05\" data-element_type=\"column\" data-e-type=\"column\" data-settings=\"{&quot;background_background&quot;:&quot;classic&quot;}\">\n\t\t\t<div class=\"elementor-widget-wrap\">\n\t\t\t\t\t\t\t<\/div>\n\t\t<\/div>\n\t\t\t\t\t<\/div>\n\t\t<\/section>\n\t\t\t\t<section class=\"elementor-section elementor-top-section elementor-element elementor-element-b3640a5 elementor-section-boxed elementor-section-height-default elementor-section-height-default exad-glass-effect-no exad-sticky-section-no\" data-id=\"b3640a5\" data-element_type=\"section\" data-e-type=\"section\">\n\t\t\t\t\t\t<div class=\"elementor-container elementor-column-gap-default\">\n\t\t\t\t\t<div class=\"elementor-column elementor-col-100 elementor-top-column elementor-element elementor-element-f80fa84 exad-glass-effect-no exad-sticky-section-no\" data-id=\"f80fa84\" data-element_type=\"column\" data-e-type=\"column\">\n\t\t\t<div class=\"elementor-widget-wrap elementor-element-populated\">\n\t\t\t\t\t\t<div class=\"elementor-element elementor-element-bccce3d texto-interior elementor-widget__width-initial exad-sticky-section-no exad-glass-effect-no elementor-widget elementor-widget-text-editor\" data-id=\"bccce3d\" data-element_type=\"widget\" data-e-type=\"widget\" data-widget_type=\"text-editor.default\">\n\t\t\t\t<div class=\"elementor-widget-container\">\n\t\t\t\t\t\t\t\t\t<div><p>Nos avocats interviennent depuis plus de 30 ans devant les tribunaux de Murcie et d&rsquo;Orihuela.\u00a0<span style=\"font-size: inherit;\">Nous pouvons vous aider \u00e0 r\u00e9soudre n&rsquo;importe quel probl\u00e8me, mais vous trouverez ci-dessous\u00a0<\/span><span style=\"font-size: inherit;\">un bref r\u00e9sum\u00e9 des probl\u00e8mes les plus courants.<\/span><\/p><p><b>PROC\u00c8S RAPIDES ET D\u00c9LITS<\/b><\/p><p>Il est parfois n\u00e9cessaire de compara\u00eetre devant un tribunal pour conduite en \u00e9tat d&rsquo;ivresse ou\u00a0<span style=\"font-size: inherit;\">sous l&#8217;emprise de stup\u00e9fiants. Ce\u01a9e proc\u00e9dure est simple et rapide s&rsquo;il s&rsquo;agit d&rsquo;une affaire\u00a0<\/span><span style=\"font-size: inherit;\">mineure. Nous aurons une audience au cours de laquelle nous discuterons de l&rsquo;opportunit\u00e9 de\u00a0<\/span><span style=\"font-size: inherit;\">transiger avec le procureur ou de nous ba\u01a9re pour obtenir un meilleur r\u00e9sultat. La peine sera\u00a0<\/span><span style=\"font-size: inherit;\">prononc\u00e9e par le tribunal le jour de l&rsquo;audience et les r\u00e9sultats peuvent varier\u00a0<\/span><span style=\"font-size: inherit;\">consid\u00e9rablement. Contactez nos avocats \u00e0 Murcia et Orihuela Costa pour obtenir des conseils\u00a0<\/span><span style=\"font-size: inherit;\">et poser toutes vos questions.<\/span><\/p><p><b>CLAUSES PLANCHER, CO\u00dbTS HYPOTH\u00c9CAIRES ET AUTRES PROBL\u00c8MES AVEC LES BANQUES<\/b><\/p><p>Ces derni\u00e8res ann\u00e9es, les banques sont devenues la premi\u00e8re cause de litiges en Espagne. Qu&rsquo;il\u00a0<span style=\"font-size: inherit;\">s&rsquo;agisse de clauses plancher qui vous emp\u00eachent de b\u00e9n\u00e9ficier des baisses de l&rsquo;Euribor,\u00a0<\/span><span style=\"font-size: inherit;\">d&rsquo;hypoth\u00e8ques multidevises, d&rsquo;int\u00e9r\u00eats de retard abusifs ou de frais d&rsquo;hypoth\u00e8que.\u00a0<\/span><span style=\"font-size: inherit;\">La liste des clauses abusives est longue et des remboursements peuvent \u00eatre demand\u00e9s dans\u00a0<\/span><span style=\"font-size: inherit;\">de nombreux cas. L&rsquo;ensemble de la proc\u00e9dure peut prendre entre un et deux ans, selon le\u00a0<\/span><span style=\"font-size: inherit;\">tribunal saisi de l&rsquo;affaire, mais cela vaut la peine d&rsquo;a\u01a9endre pour faire valoir vos droits.\u00a0<\/span><span style=\"font-size: inherit;\">N&rsquo;h\u00e9sitez pas \u00e0 nous contacter pour toute question ou pour un devis sans engagement. Si nous\u00a0<\/span><span style=\"font-size: inherit;\">ne gagnons pas, vous ne payez pas d&rsquo;honoraires.<\/span><\/p><p><b>R\u00c9CLAMER L&rsquo;IMP\u00d4T SUR LES PLUS-VALUES<\/b><\/p><p>La plus-value est une taxe que vous payez \u00e0 la mairie lorsque vous vendez votre propri\u00e9t\u00e9. Elle\u00a0<span style=\"font-size: inherit;\">est bas\u00e9e sur la valeur cadastrale du terrain et son augmentation suppos\u00e9e au fil du temps. Les\u00a0<\/span><span style=\"font-size: inherit;\">mairies de Murcie et d&rsquo;Orihuela Costa, comme Torrevieja, Orihuela, Torre-Pacheco, San Javier\u00a0<\/span><span style=\"font-size: inherit;\">et Cartagena, ont exig\u00e9 son paiement lors d\u2019une vente, malgr\u00e9 le fait que la perte de valeur ait\u00a0<\/span><span style=\"font-size: inherit;\">\u00e9t\u00e9 \u00e9vidente. Par cons\u00e9quent, si la vente s&rsquo;est faite \u00e0 perte, nous sommes en mesure d&rsquo;en\u00a0<\/span><span style=\"font-size: inherit;\">r\u00e9clamer le remboursement, avec l&rsquo;appui de nombreuses d\u00e9cisions judiciaires, y compris de la\u00a0<\/span><span style=\"font-size: inherit;\">Cour supr\u00eame.<\/span><\/p><p>Ce\u01a9e proc\u00e9dure peut prendre un certain temps, car la plupart des communes ne\u00a0<span style=\"font-size: inherit;\">rembourseront aucun montant sans \u00eatre poursuivies en justice. Cependant, nous proposons\u00a0<\/span><span style=\"font-size: inherit;\">des prix comp\u00e9titifs pour que l&rsquo;a\u01a9ente en vaille la peine.<\/span><\/p><p><b>D\u00c9FAUTS DE CONSTRUCTION ET VICES DE CONSTRUCTION<\/b><\/p><p>S&rsquo;il n&rsquo;est pas possible de parvenir \u00e0 un accord avec le constructeur, il existe des recours\u00a0<span style=\"font-size: inherit;\">juridiques qui vous perme\u01a9ront de r\u00e9clamer une indemnisation ou une r\u00e9duction du prix si\u00a0<\/span><span style=\"font-size: inherit;\">votre maison n&rsquo;a pas \u00e9t\u00e9 achev\u00e9e conform\u00e9ment aux sp\u00e9cifications convenues ou s&rsquo;il y a des\u00a0<\/span><span style=\"font-size: inherit;\">probl\u00e8mes de quelque nature que ce soit.<\/span><\/p><p><b>R\u00c9CUP\u00c9RATION DES SOMMES VERS\u00c9ES AU TITRE DE LA CONSTRUCTION D&rsquo;UNE MAISON<\/b><\/p><p>Nous pouvons aider les clients qui ont perdu des sommes importantes investies dans la\u00a0<span style=\"font-size: inherit;\">construction de la maison de leurs r\u00eaves.<\/span><\/p><p><span style=\"font-size: inherit;\">La plupart des entreprises qui ont re\u00e7u de tels paiements auront disparu ou ont fait faillite,\u00a0<\/span><span style=\"font-size: inherit;\">mais la Cour supr\u00eame a ouvert la voie \u00e0 des poursuites contre les banques qui ont re\u00e7u de tels\u00a0<\/span><span style=\"font-size: inherit;\">paiements mais n&rsquo;ont pas veill\u00e9 \u00e0 ce que des garanties appropri\u00e9es soient mises en place.<\/span><\/p><p><span style=\"font-size: inherit;\">Contactez-nous pour une consultation gratuite ou une analyse de votre cas.<\/span><\/p><p><b>CONTRATS DE LOCATION, EXPULSIONS ET RECOUVREMENT DES MONTANTS<\/b><\/p><p>Avant toute chose, nous vous recommandons de vous faire conseiller avant de signer un\u00a0<span style=\"font-size: inherit;\">contrat de location. Si les deux parties sont conscientes de leurs droits et obligations, les\u00a0<\/span><span style=\"font-size: inherit;\">risques de probl\u00e8mes sont consid\u00e9rablement r\u00e9duits, qu&rsquo;il s&rsquo;agisse d&rsquo;une location permanente\u00a0<\/span><span style=\"font-size: inherit;\">ou d&rsquo;une location de vacances.<\/span><\/p><p><span style=\"font-size: inherit;\">Malheureusement, il arrive qu&rsquo;un locataire ou un propri\u00e9taire, \u00e0 probl\u00e8mes, cesse de payer son\u00a0<\/span><span style=\"font-size: inherit;\">loyer ou commence \u00e0 causer beaucoup de probl\u00e8mes. Dans ces cas-l\u00e0, il existe une proc\u00e9dure\u00a0<\/span><span style=\"font-size: inherit;\">d&rsquo;expulsion sommaire qui est plus rapide que d&rsquo;autres proc\u00e9dures juridiques. Par exemple,\u00a0<\/span><span style=\"font-size: inherit;\">selon le tribunal saisi, la proc\u00e9dure peut durer de 4 mois \u00e0 1 an et nous pouvons proc\u00e9der \u00e0\u00a0<\/span><span style=\"font-size: inherit;\">l&rsquo;expulsion et r\u00e9clamer les sommes dues en m\u00eame temps.<\/span><\/p><p>VOUS VOULEZ EN SAVOIR PLUS ? CONSULTEZ\u00a0<a href=\"https:\/\/hernandezmora.com\/blog\">NOTRE BLOG<\/a><\/p><\/div>\t\t\t\t\t\t\t\t<\/div>\n\t\t\t\t<\/div>\n\t\t\t\t<div class=\"elementor-element elementor-element-46eb273 elementor-align-center exad-sticky-section-no exad-glass-effect-no elementor-widget elementor-widget-button\" data-id=\"46eb273\" data-element_type=\"widget\" data-e-type=\"widget\" data-widget_type=\"button.default\">\n\t\t\t\t<div class=\"elementor-widget-container\">\n\t\t\t\t\t\t\t\t\t<div class=\"elementor-button-wrapper\">\n\t\t\t\t\t<a class=\"elementor-button elementor-button-link elementor-size-sm\" href=\"https:\/\/hernandezmora.com\/fr\/\">\n\t\t\t\t\t\t<span class=\"elementor-button-content-wrapper\">\n\t\t\t\t\t\t\t\t\t<span class=\"elementor-button-text\">Retour \u00e0<\/span>\n\t\t\t\t\t<\/span>\n\t\t\t\t\t<\/a>\n\t\t\t\t<\/div>\n\t\t\t\t\t\t\t\t<\/div>\n\t\t\t\t<\/div>\n\t\t\t\t\t<\/div>\n\t\t<\/div>\n\t\t\t\t\t<\/div>\n\t\t<\/section>\n\t\t\t\t<section class=\"elementor-section elementor-top-section elementor-element elementor-element-faecbd6 elementor-section-full_width elementor-section-height-default elementor-section-height-default exad-glass-effect-no exad-sticky-section-no\" data-id=\"faecbd6\" data-element_type=\"section\" data-e-type=\"section\">\n\t\t\t\t\t\t<div class=\"elementor-container elementor-column-gap-default\">\n\t\t\t\t\t<div class=\"elementor-column elementor-col-100 elementor-top-column elementor-element elementor-element-eba3ad3 exad-glass-effect-no exad-sticky-section-no\" data-id=\"eba3ad3\" data-element_type=\"column\" data-e-type=\"column\">\n\t\t\t<div class=\"elementor-widget-wrap elementor-element-populated\">\n\t\t\t\t\t\t<div class=\"elementor-element elementor-element-7c56cad exad-sticky-section-no exad-glass-effect-no elementor-widget elementor-widget-heading\" data-id=\"7c56cad\" data-element_type=\"widget\" data-e-type=\"widget\" data-widget_type=\"heading.default\">\n\t\t\t\t<div class=\"elementor-widget-container\">\n\t\t\t\t\t<h2 class=\"elementor-heading-title elementor-size-default\">Effectuez votre premi\u00e8re consultation<div class=\"contenido-pagina\"><br><\/div><\/h2>\t\t\t\t<\/div>\n\t\t\t\t<\/div>\n\t\t\t\t<div class=\"elementor-element elementor-element-35a76f4 elementor-widget-divider--view-line exad-sticky-section-no exad-glass-effect-no elementor-widget elementor-widget-divider\" data-id=\"35a76f4\" data-element_type=\"widget\" data-e-type=\"widget\" data-widget_type=\"divider.default\">\n\t\t\t\t<div class=\"elementor-widget-container\">\n\t\t\t\t\t\t\t<div class=\"elementor-divider\">\n\t\t\t<span class=\"elementor-divider-separator\">\n\t\t\t\t\t\t<\/span>\n\t\t<\/div>\n\t\t\t\t\t\t<\/div>\n\t\t\t\t<\/div>\n\t\t\t\t<section class=\"elementor-section elementor-inner-section elementor-element elementor-element-c363e71 elementor-section-boxed elementor-section-height-default elementor-section-height-default exad-glass-effect-no exad-sticky-section-no\" data-id=\"c363e71\" data-element_type=\"section\" data-e-type=\"section\">\n\t\t\t\t\t\t<div class=\"elementor-container elementor-column-gap-default\">\n\t\t\t\t\t<div class=\"elementor-column elementor-col-50 elementor-inner-column elementor-element elementor-element-f9d52a1 exad-glass-effect-no exad-sticky-section-no\" data-id=\"f9d52a1\" data-element_type=\"column\" data-e-type=\"column\">\n\t\t\t<div class=\"elementor-widget-wrap elementor-element-populated\">\n\t\t\t\t\t\t<div class=\"elementor-element elementor-element-de9591c exad-sticky-section-no exad-glass-effect-no elementor-widget elementor-widget-text-editor\" data-id=\"de9591c\" data-element_type=\"widget\" data-e-type=\"widget\" data-widget_type=\"text-editor.default\">\n\t\t\t\t<div class=\"elementor-widget-container\">\n\t\t\t\t\t\t\t\t\t<div class=\"contenido-pagina\">Parlez-nous de votre cas et nous prendrons contact avec vous.<\/div>\t\t\t\t\t\t\t\t<\/div>\n\t\t\t\t<\/div>\n\t\t\t\t\t<\/div>\n\t\t<\/div>\n\t\t\t\t<div class=\"elementor-column elementor-col-50 elementor-inner-column elementor-element elementor-element-742f52a exad-glass-effect-no exad-sticky-section-no\" data-id=\"742f52a\" data-element_type=\"column\" data-e-type=\"column\">\n\t\t\t<div class=\"elementor-widget-wrap elementor-element-populated\">\n\t\t\t\t\t\t<div class=\"elementor-element elementor-element-ec068c8 exad-sticky-section-no exad-glass-effect-no elementor-widget elementor-widget-shortcode\" data-id=\"ec068c8\" data-element_type=\"widget\" data-e-type=\"widget\" data-widget_type=\"shortcode.default\">\n\t\t\t\t<div class=\"elementor-widget-container\">\n\t\t\t\t\t\t\t<div class=\"elementor-shortcode\">\n<div class=\"wpcf7 no-js\" id=\"wpcf7-f3007-o1\" lang=\"fr-FR\" dir=\"ltr\" data-wpcf7-id=\"3007\">\n<div class=\"screen-reader-response\"><p role=\"status\" aria-live=\"polite\" aria-atomic=\"true\"><\/p> <ul><\/ul><\/div>\n<form action=\"\/fr\/wp-json\/wp\/v2\/pages\/2714#wpcf7-f3007-o1\" method=\"post\" class=\"wpcf7-form init\" aria-label=\"Formulaire de contact\" novalidate=\"novalidate\" data-status=\"init\">\n<fieldset class=\"hidden-fields-container\"><input type=\"hidden\" name=\"_wpcf7\" value=\"3007\" \/><input type=\"hidden\" name=\"_wpcf7_version\" value=\"6.1.5\" \/><input type=\"hidden\" name=\"_wpcf7_locale\" value=\"fr_FR\" \/><input type=\"hidden\" name=\"_wpcf7_unit_tag\" value=\"wpcf7-f3007-o1\" \/><input type=\"hidden\" name=\"_wpcf7_container_post\" value=\"0\" \/><input type=\"hidden\" name=\"_wpcf7_posted_data_hash\" value=\"\" \/><input type=\"hidden\" name=\"_wpcf7_recaptcha_response\" value=\"\" \/>\n<\/fieldset>\n<div class=\"row\">\n\t<div class=\"col-12 col-sm-6\">\n\t\t<p><label><span class=\"wpcf7-form-control-wrap\" data-name=\"your-name\"><input size=\"40\" maxlength=\"400\" class=\"wpcf7-form-control wpcf7-text wpcf7-validates-as-required\" aria-required=\"true\" aria-invalid=\"false\" placeholder=\"Nom\" value=\"\" type=\"text\" name=\"your-name\" \/><\/span><\/label>\n\t\t<\/p>\n\t<\/div>\n\t<div class=\"col-12 col-sm-6\">\n\t\t<p><label><span class=\"wpcf7-form-control-wrap\" data-name=\"your-lastname\"><input size=\"40\" maxlength=\"400\" class=\"wpcf7-form-control wpcf7-text wpcf7-validates-as-required\" aria-required=\"true\" aria-invalid=\"false\" placeholder=\"Nom de famille\" value=\"\" type=\"text\" name=\"your-lastname\" \/><\/span><\/label>\n\t\t<\/p>\n\t<\/div>\n\t<div class=\"col-12 col-sm-6\">\n\t\t<p><label><span class=\"wpcf7-form-control-wrap\" data-name=\"your-email\"><input size=\"40\" maxlength=\"400\" class=\"wpcf7-form-control wpcf7-email wpcf7-validates-as-required wpcf7-text wpcf7-validates-as-email\" aria-required=\"true\" aria-invalid=\"false\" placeholder=\"Email\" value=\"\" type=\"email\" name=\"your-email\" \/><\/span><\/label>\n\t\t<\/p>\n\t<\/div>\n\t<div class=\"col-12 col-sm-6\">\n\t\t<p><label><span class=\"wpcf7-form-control-wrap\" data-name=\"your-phone\"><input size=\"40\" maxlength=\"400\" class=\"wpcf7-form-control wpcf7-text wpcf7-validates-as-required\" aria-required=\"true\" aria-invalid=\"false\" placeholder=\"T\u00e9l\u00e9phone\" value=\"\" type=\"text\" name=\"your-phone\" \/><\/span><\/label>\n\t\t<\/p>\n\t<\/div>\n\t<div class=\"col-sm-12\">\n\t\t<p><label><span class=\"wpcf7-form-control-wrap\" data-name=\"your-message\"><textarea cols=\"40\" rows=\"10\" maxlength=\"2000\" class=\"wpcf7-form-control wpcf7-textarea\" aria-invalid=\"false\" placeholder=\"\u00c9crivez votre message ici...\" name=\"your-message\"><\/textarea><\/span><\/label>\n\t\t<\/p>\n\t<\/div>\n\t<p><input class=\"wpcf7-form-control wpcf7-submit has-spinner\" type=\"submit\" value=\"Envoyer\" \/>\n\t<\/p>\n<\/div><p style=\"display: none !important;\" class=\"akismet-fields-container\" data-prefix=\"_wpcf7_ak_\"><label>&#916;<textarea name=\"_wpcf7_ak_hp_textarea\" cols=\"45\" rows=\"8\" maxlength=\"100\"><\/textarea><\/label><input type=\"hidden\" id=\"ak_js_1\" name=\"_wpcf7_ak_js\" value=\"64\"\/><script>document.getElementById( \"ak_js_1\" ).setAttribute( \"value\", ( new Date() ).getTime() );<\/script><\/p><div class=\"wpcf7-response-output\" aria-hidden=\"true\"><\/div>\n<\/form>\n<\/div>\n<\/div>\n\t\t\t\t\t\t<\/div>\n\t\t\t\t<\/div>\n\t\t\t\t\t<\/div>\n\t\t<\/div>\n\t\t\t\t\t<\/div>\n\t\t<\/section>\n\t\t\t\t\t<\/div>\n\t\t<\/div>\n\t\t\t\t\t<\/div>\n\t\t<\/section>\n\t\t\t\t<\/div>\n\t\t","protected":false},"excerpt":{"rendered":"<p>PROC\u00c8S ET R\u00c9CLAMATIONS Proc\u00e8s rapides et d\u00e9lits, r\u00e9clamations, clauses de fond, plus-values, construction, immobilier etcontrats. Nos avocats interviennent depuis plus de 30 ans devant les tribunaux de Murcie et d&rsquo;Orihuela.\u00a0Nous pouvons vous aider \u00e0 r\u00e9soudre n&rsquo;importe quel probl\u00e8me, mais vous trouverez ci-dessous\u00a0un bref r\u00e9sum\u00e9 des probl\u00e8mes les plus courants. PROC\u00c8S [&hellip;]<\/p>\n","protected":false},"author":1,"featured_media":0,"parent":0,"menu_order":0,"comment_status":"closed","ping_status":"closed","template":"elementor_header_footer","meta":{"_joinchat":[],"footnotes":""},"class_list":["post-2714","page","type-page","status-publish","hentry"],"_links":{"self":[{"href":"https:\/\/hernandezmora.com\/fr\/wp-json\/wp\/v2\/pages\/2714","targetHints":{"allow":["GET"]}}],"collection":[{"href":"https:\/\/hernandezmora.com\/fr\/wp-json\/wp\/v2\/pages"}],"about":[{"href":"https:\/\/hernandezmora.com\/fr\/wp-json\/wp\/v2\/types\/page"}],"author":[{"embeddable":true,"href":"https:\/\/hernandezmora.com\/fr\/wp-json\/wp\/v2\/users\/1"}],"replies":[{"embeddable":true,"href":"https:\/\/hernandezmora.com\/fr\/wp-json\/wp\/v2\/comments?post=2714"}],"version-history":[{"count":7,"href":"https:\/\/hernandezmora.com\/fr\/wp-json\/wp\/v2\/pages\/2714\/revisions"}],"predecessor-version":[{"id":3061,"href":"https:\/\/hernandezmora.com\/fr\/wp-json\/wp\/v2\/pages\/2714\/revisions\/3061"}],"wp:attachment":[{"href":"https:\/\/hernandezmora.com\/fr\/wp-json\/wp\/v2\/media?parent=2714"}],"curies":[{"name":"wp","href":"https:\/\/api.w.org\/{rel}","templated":true}]}}