{"id":2732,"date":"2023-04-20T06:26:32","date_gmt":"2023-04-20T06:26:32","guid":{"rendered":"https:\/\/hernandezmora.com\/declaration-daccessibilite\/"},"modified":"2023-07-14T06:28:34","modified_gmt":"2023-07-14T06:28:34","slug":"declaration-daccessibilite","status":"publish","type":"page","link":"https:\/\/hernandezmora.com\/fr\/declaration-daccessibilite\/","title":{"rendered":"D\u00e9claration d&rsquo;accessibilit\u00e9"},"content":{"rendered":"\t\t<div data-elementor-type=\"wp-page\" data-elementor-id=\"2732\" class=\"elementor elementor-2732 elementor-942\" data-elementor-post-type=\"page\">\n\t\t\t\t\t\t<section class=\"elementor-section elementor-top-section elementor-element elementor-element-f98a133 elementor-section-boxed elementor-section-height-default elementor-section-height-default exad-glass-effect-no exad-sticky-section-no\" data-id=\"f98a133\" data-element_type=\"section\" data-e-type=\"section\">\n\t\t\t\t\t\t<div class=\"elementor-container elementor-column-gap-default\">\n\t\t\t\t\t<div class=\"elementor-column elementor-col-100 elementor-top-column elementor-element elementor-element-6a5624e exad-glass-effect-no exad-sticky-section-no\" data-id=\"6a5624e\" data-element_type=\"column\" data-e-type=\"column\">\n\t\t\t<div class=\"elementor-widget-wrap elementor-element-populated\">\n\t\t\t\t\t\t<div class=\"elementor-element elementor-element-399a2f6 exad-sticky-section-no exad-glass-effect-no elementor-widget elementor-widget-text-editor\" data-id=\"399a2f6\" data-element_type=\"widget\" data-e-type=\"widget\" data-widget_type=\"text-editor.default\">\n\t\t\t\t<div class=\"elementor-widget-container\">\n\t\t\t\t\t\t\t\t\t<div class=\"contenido-pagina\"><h2 class=\"font_2 wixui-rich-text__text\"><span class=\"wixui-rich-text__text\">D\u00e9claration d&rsquo;accessibilit\u00e9<\/span><\/h2>\n<p class=\"parrafoDeclaracion\" style=\"margin-bottom: 1rem; font-family: Mulish, sans-serif; font-size: 16px; letter-spacing: -0.16px;\">Se han cumplido los est\u00e1ndares que se emplean hoy en d\u00eda para desarrollar sitios web: HTML 5.2 y CSS 2.1.<\/p>\n<p class=\"parrafoDeclaracion\" style=\"margin-bottom: 1rem; font-family: Mulish, sans-serif; font-size: 16px; letter-spacing: -0.16px;\">Se han aplicado algunas de las pautas de Accesibilidad al Contenido WCAG 2.1 y la estructura de anexos de la norma UNE-EN 301 549:2022 para garantizar la m\u00e1xima accesibilidad. Algunos de los aspectos que se han tenido en cuenta son:<\/p>\n\n<ul style=\"margin-bottom: 1rem; padding-left: 26px; font-family: Mulish, sans-serif; font-size: 16px; letter-spacing: -0.16px;\">\n \t<li style=\"list-style-type: none; margin-top: 10px;\">\n<\/li><\/ul>\n<ul style=\"margin-bottom: 1rem; padding-left: 26px; font-family: Mulish, sans-serif; font-size: 16px; letter-spacing: -0.16px;\">\n \t<li style=\"list-style-type: none; margin-top: 10px;\">\n<ul style=\"margin-bottom: 0px; padding-left: 26px;\">\n \t<li style=\"list-style-type: disc; margin-top: 10px;\">Separar el contenido de la presentaci\u00f3n mediante el uso de diferentes hojas de estilo (CSS) aplicables seg\u00fan las necesidades para la comprensi\u00f3n del usuario\/a.<\/li>\n<\/ul>\n<\/li>\n<\/ul>\n<ul style=\"margin-bottom: 1rem; padding-left: 26px; font-family: Mulish, sans-serif; font-size: 16px; letter-spacing: -0.16px;\">\n \t<li style=\"list-style-type: none; margin-top: 10px;\">\n<ul style=\"margin-bottom: 0px; padding-left: 26px;\">\n \t<li style=\"list-style-type: disc; margin-top: 10px;\">Estructurar y etiquetar correctamente el contenido de las p\u00e1ginas de forma clara y sencilla, para mejorar la lectura.<\/li>\n<\/ul>\n<\/li>\n<\/ul>\n<ul style=\"margin-bottom: 1rem; padding-left: 26px; font-family: Mulish, sans-serif; font-size: 16px; letter-spacing: -0.16px;\">\n \t<li style=\"list-style-type: none; margin-top: 10px;\">\n<ul style=\"margin-bottom: 0px; padding-left: 26px;\">\n \t<li style=\"list-style-type: disc; margin-top: 10px;\">El uso de las etiquetas como &lt;ul&gt; y &lt;blockquote&gt; conforme a su significado sem\u00e1ntico y nunca para formatear el texto.<\/li>\n<\/ul>\n<\/li>\n<\/ul>\n<ul style=\"margin-bottom: 1rem; padding-left: 26px; font-family: Mulish, sans-serif; font-size: 16px; letter-spacing: -0.16px;\">\n \t<li style=\"list-style-type: none; margin-top: 10px;\">\n<ul style=\"margin-bottom: 0px; padding-left: 26px;\">\n \t<li style=\"list-style-type: disc; margin-top: 10px;\">Evitar el uso de tablas para maquetar las p\u00e1ginas, pudiendo haberse utilizado alguna en contenidos espec\u00edficos.<\/li>\n<\/ul>\n<\/li>\n<\/ul>\n<ul style=\"margin-bottom: 1rem; padding-left: 26px; font-family: Mulish, sans-serif; font-size: 16px; letter-spacing: -0.16px;\">\n \t<li style=\"list-style-type: none; margin-top: 10px;\">\n<ul style=\"margin-bottom: 0px; padding-left: 26px;\">\n \t<li style=\"list-style-type: disc; margin-top: 10px;\">Realizar una maquetaci\u00f3n mediante el uso de estilos CSS y a trav\u00e9s de dise\u00f1o l\u00edquido, adapte y responsive a cualquier resoluci\u00f3n de pantalla.<\/li>\n<\/ul>\n<\/li>\n<\/ul>\n<ul style=\"margin-bottom: 1rem; padding-left: 26px; font-family: Mulish, sans-serif; font-size: 16px; letter-spacing: -0.16px;\">\n \t<li style=\"list-style-type: none; margin-top: 10px;\">\n<ul style=\"margin-bottom: 0px; padding-left: 26px;\">\n \t<li style=\"list-style-type: disc; margin-top: 10px;\">Colocaci\u00f3n de textos significativos y explicativos en los enlaces.<\/li>\n<\/ul>\n<\/li>\n<\/ul>\n<ul style=\"margin-bottom: 1rem; padding-left: 26px; font-family: Mulish, sans-serif; font-size: 16px; letter-spacing: -0.16px;\">\n \t<li style=\"list-style-type: none; margin-top: 10px;\">\n<ul style=\"margin-bottom: 0px; padding-left: 26px;\">\n \t<li style=\"list-style-type: disc; margin-top: 10px;\">Las diferentes hojas de estilo evitaran las combinaciones de colores de poco contraste, y la transmisi\u00f3n de informaci\u00f3n s\u00f3lo a trav\u00e9s del color.<\/li>\n<\/ul>\n<\/li>\n<\/ul>\n<ul style=\"margin-bottom: 1rem; padding-left: 26px; font-family: Mulish, sans-serif; font-size: 16px; letter-spacing: -0.16px;\">\n \t<li style=\"list-style-type: none; margin-top: 10px;\">\n<ul style=\"margin-bottom: 0px; padding-left: 26px;\">\n \t<li style=\"list-style-type: disc; margin-top: 10px;\">No se ha utilizado el lenguaje JavaScript en las p\u00e1ginas de acceso a trav\u00e9s de las opciones de Configuraci\u00f3n en la Declaraci\u00f3n de accesibilidad.<\/li>\n<\/ul>\n<\/li>\n<\/ul>\n<ul style=\"margin-bottom: 1rem; padding-left: 26px; font-family: Mulish, sans-serif; font-size: 16px; letter-spacing: -0.16px;\">\n \t<li style=\"list-style-type: none; margin-top: 10px;\">\n<ul style=\"margin-bottom: 0px; padding-left: 26px;\">\n \t<li style=\"list-style-type: disc; margin-top: 10px;\">Se ha evitado el uso de marcos &lt;frames&gt;.<\/li>\n<\/ul>\n<\/li>\n<\/ul>\n<p class=\"parrafoDeclaracion\" style=\"margin-bottom: 1rem; font-family: Mulish, sans-serif; font-size: 16px; letter-spacing: -0.16px;\">Todas las p\u00e1ginas poseen la etiqueta &lt;title&gt; que incluye el t\u00edtulo del sitio web y el t\u00edtulo de la p\u00e1gina para ayudar y facilitar la navegaci\u00f3n y el correcto almacenamiento de cualquier p\u00e1gina en los \u201cfavoritos\u201d o \u201cmarcadores\u201d del navegador empleado.<\/p>\n<p class=\"parrafoDeclaracion\" style=\"margin-bottom: 1rem; font-family: Mulish, sans-serif; font-size: 16px; letter-spacing: -0.16px;\">Accede a nuestro <a style=\"transition-timing-function: ease; background-color: transparent; color: #333333; font-weight: 600;\" href=\"https:\/\/hernandezmora.com\/configuracion-de-accesibilidad\/\">Configurador de accesibilidad<\/a>.<\/p><\/div>\t\t\t\t\t\t\t\t<\/div>\n\t\t\t\t<\/div>\n\t\t\t\t\t<\/div>\n\t\t<\/div>\n\t\t\t\t\t<\/div>\n\t\t<\/section>\n\t\t\t\t<\/div>\n\t\t","protected":false},"excerpt":{"rendered":"<p>D\u00e9claration d&rsquo;accessibilit\u00e9 Se han cumplido los est\u00e1ndares que se emplean hoy en d\u00eda para desarrollar sitios web: HTML 5.2 y CSS 2.1. Se han aplicado algunas de las pautas de Accesibilidad al Contenido WCAG 2.1 y la estructura de anexos de la norma UNE-EN 301 549:2022 para garantizar la m\u00e1xima [&hellip;]<\/p>\n","protected":false},"author":1,"featured_media":0,"parent":0,"menu_order":0,"comment_status":"closed","ping_status":"closed","template":"page-templates\/template-pagebuilder-full-width.php","meta":{"_joinchat":[],"footnotes":""},"class_list":["post-2732","page","type-page","status-publish","hentry"],"_links":{"self":[{"href":"https:\/\/hernandezmora.com\/fr\/wp-json\/wp\/v2\/pages\/2732","targetHints":{"allow":["GET"]}}],"collection":[{"href":"https:\/\/hernandezmora.com\/fr\/wp-json\/wp\/v2\/pages"}],"about":[{"href":"https:\/\/hernandezmora.com\/fr\/wp-json\/wp\/v2\/types\/page"}],"author":[{"embeddable":true,"href":"https:\/\/hernandezmora.com\/fr\/wp-json\/wp\/v2\/users\/1"}],"replies":[{"embeddable":true,"href":"https:\/\/hernandezmora.com\/fr\/wp-json\/wp\/v2\/comments?post=2732"}],"version-history":[{"count":1,"href":"https:\/\/hernandezmora.com\/fr\/wp-json\/wp\/v2\/pages\/2732\/revisions"}],"predecessor-version":[{"id":2733,"href":"https:\/\/hernandezmora.com\/fr\/wp-json\/wp\/v2\/pages\/2732\/revisions\/2733"}],"wp:attachment":[{"href":"https:\/\/hernandezmora.com\/fr\/wp-json\/wp\/v2\/media?parent=2732"}],"curies":[{"name":"wp","href":"https:\/\/api.w.org\/{rel}","templated":true}]}}