{"id":2751,"date":"2023-04-20T06:33:41","date_gmt":"2023-04-20T06:33:41","guid":{"rendered":"https:\/\/hernandezmora.com\/plan-du-site\/"},"modified":"2023-07-17T14:37:51","modified_gmt":"2023-07-17T14:37:51","slug":"plan-du-site","status":"publish","type":"page","link":"https:\/\/hernandezmora.com\/fr\/plan-du-site\/","title":{"rendered":"Plan du site"},"content":{"rendered":"\t\t<div data-elementor-type=\"wp-page\" data-elementor-id=\"2751\" class=\"elementor elementor-2751 elementor-954\" data-elementor-post-type=\"page\">\n\t\t\t\t\t\t<section class=\"elementor-section elementor-top-section elementor-element elementor-element-7b5029b elementor-section-boxed elementor-section-height-default elementor-section-height-default exad-glass-effect-no exad-sticky-section-no\" data-id=\"7b5029b\" data-element_type=\"section\" data-e-type=\"section\">\n\t\t\t\t\t\t<div class=\"elementor-container elementor-column-gap-default\">\n\t\t\t\t\t<div class=\"elementor-column elementor-col-100 elementor-top-column elementor-element elementor-element-7187b8b exad-glass-effect-no exad-sticky-section-no\" data-id=\"7187b8b\" data-element_type=\"column\" data-e-type=\"column\">\n\t\t\t<div class=\"elementor-widget-wrap elementor-element-populated\">\n\t\t\t\t\t\t<div class=\"elementor-element elementor-element-26aab08 exad-sticky-section-no exad-glass-effect-no elementor-widget elementor-widget-text-editor\" data-id=\"26aab08\" data-element_type=\"widget\" data-e-type=\"widget\" data-widget_type=\"text-editor.default\">\n\t\t\t\t<div class=\"elementor-widget-container\">\n\t\t\t\t\t\t\t\t\t<div class=\"contenido-pagina\"><h2 class=\"font_2 wixui-rich-text__text\"><span class=\"wixui-rich-text__text\">Plan du site<\/span><\/h2><ul><li>Accueil<ul><li style=\"color: #000000;\">Nos activit\u00e9s<ul><li><a href=\"https:\/\/hernandezmora.com\/fr\/herencias\/\" style=\"color: #000000;\"><span>SUCCESSIONS<\/span><\/a><\/li><li><a href=\"https:\/\/hernandezmora.com\/fr\/derecho-inmobiliario\/\" style=\"color: #000000;\"><span>DROIT IMMOBILIER<\/span><\/a><\/li><li><a href=\"https:\/\/hernandezmora.com\/fr\/juicios-y-reclamaciones\/\" style=\"color: #000000;\"><span>PROC\u00c8S ET R\u00c9CLAMATIONS<\/span><\/a><\/li><li><a href=\"https:\/\/hernandezmora.com\/fr\/constitucion-de-empresas\/\" style=\"color: #000000;\"><span>CONSTITUTION DE SOCI\u00c9T\u00c9S ET CONSEILS<\/span><\/a><\/li><li><a href=\"https:\/\/hernandezmora.com\/fr\/accidentes-de-trafico\/\" style=\"color: #000000;\"><span>ACCIDENTS DE LA ROUTE<\/span><\/a><\/li><li><a href=\"https:\/\/hernandezmora.com\/fr\/concursos-de-acreedores\/\" style=\"color: #000000;\"><span>PROC\u00c9DURES D\u2019INSOLVABILIT\u00c9<\/span><\/a><\/li><\/ul><\/li><li><a href=\"https:\/\/hernandezmora.com\/fr\/quienes-somos\/\" style=\"color: #000000;\">Qui sommes-nous?<\/a><\/li><li><a href=\"https:\/\/hernandezmora.com\/fr\/blog\/\" style=\"color: #000000;\">Blog<\/a><\/li><li><a href=\"https:\/\/hernandezmora.com\/fr\/nuestras-oficinas\/\" style=\"color: #000000;\">Nos bureaux<\/a><\/li><\/ul><\/li><\/ul><ul><li style=\"color: #000000;\">Informations<ul><li><a href=\"https:\/\/hernandezmora.com\/fr\/aviso-legal\/\" style=\"color: #000000;\">Avis juridique<\/a><\/li><li><a href=\"https:\/\/hernandezmora.com\/fr\/politique-en-matiere-de-cookies\/\" style=\"color: #000000;\">Politique en mati\u00e8re de cookies<\/a><a href=\"#\"><\/a><\/li><li><a href=\"https:\/\/hernandezmora.com\/fr\/declaration-daccessibilite\/\" style=\"color: #000000;\">D\u00e9claration d&rsquo;accessibilit\u00e9<\/a><ul><li><a href=\"https:\/\/hernandezmora.com\/configuracion-de-accesibilidad\/\" style=\"color: #000000;\">Configurador de accesibilidad<\/a><\/li><\/ul><\/li><li><a href=\"https:\/\/hernandezmora.com\/fr\/plan-du-site\/\" style=\"color: #000000;\">Plan du site<\/a><\/li><li><a href=\"https:\/\/hernandezmora.com\/fr\/ayuda\/\" style=\"color: #000000;\">Aider<\/a><\/li><\/ul><\/li><\/ul><\/div>\t\t\t\t\t\t\t\t<\/div>\n\t\t\t\t<\/div>\n\t\t\t\t\t<\/div>\n\t\t<\/div>\n\t\t\t\t\t<\/div>\n\t\t<\/section>\n\t\t\t\t<\/div>\n\t\t","protected":false},"excerpt":{"rendered":"<p>Plan du site Accueil Nos activit\u00e9s SUCCESSIONS DROIT IMMOBILIER PROC\u00c8S ET R\u00c9CLAMATIONS CONSTITUTION DE SOCI\u00c9T\u00c9S ET CONSEILS ACCIDENTS DE LA ROUTE PROC\u00c9DURES D\u2019INSOLVABILIT\u00c9 Qui sommes-nous? Blog Nos bureaux Informations Avis juridique Politique en mati\u00e8re de cookies D\u00e9claration d&rsquo;accessibilit\u00e9 Configurador de accesibilidad Plan du site Aider<\/p>\n","protected":false},"author":1,"featured_media":0,"parent":0,"menu_order":0,"comment_status":"closed","ping_status":"closed","template":"page-templates\/template-pagebuilder-full-width.php","meta":{"_joinchat":[],"footnotes":""},"class_list":["post-2751","page","type-page","status-publish","hentry"],"_links":{"self":[{"href":"https:\/\/hernandezmora.com\/fr\/wp-json\/wp\/v2\/pages\/2751","targetHints":{"allow":["GET"]}}],"collection":[{"href":"https:\/\/hernandezmora.com\/fr\/wp-json\/wp\/v2\/pages"}],"about":[{"href":"https:\/\/hernandezmora.com\/fr\/wp-json\/wp\/v2\/types\/page"}],"author":[{"embeddable":true,"href":"https:\/\/hernandezmora.com\/fr\/wp-json\/wp\/v2\/users\/1"}],"replies":[{"embeddable":true,"href":"https:\/\/hernandezmora.com\/fr\/wp-json\/wp\/v2\/comments?post=2751"}],"version-history":[{"count":13,"href":"https:\/\/hernandezmora.com\/fr\/wp-json\/wp\/v2\/pages\/2751\/revisions"}],"predecessor-version":[{"id":3123,"href":"https:\/\/hernandezmora.com\/fr\/wp-json\/wp\/v2\/pages\/2751\/revisions\/3123"}],"wp:attachment":[{"href":"https:\/\/hernandezmora.com\/fr\/wp-json\/wp\/v2\/media?parent=2751"}],"curies":[{"name":"wp","href":"https:\/\/api.w.org\/{rel}","templated":true}]}}