{"id":2615,"date":"2023-03-14T10:34:26","date_gmt":"2023-03-14T10:34:26","guid":{"rendered":"https:\/\/hernandezmora.com\/wie-we-zijn\/"},"modified":"2025-09-04T07:14:50","modified_gmt":"2025-09-04T07:14:50","slug":"wie-we-zijn","status":"publish","type":"page","link":"https:\/\/hernandezmora.com\/nl\/wie-we-zijn\/","title":{"rendered":"Wie we zijn"},"content":{"rendered":"\t\t<div data-elementor-type=\"wp-page\" data-elementor-id=\"2615\" class=\"elementor elementor-2615\" data-elementor-post-type=\"page\">\n\t\t\t\t\t\t<section class=\"elementor-section elementor-top-section elementor-element elementor-element-808e794 elementor-section-full_width elementor-section-content-middle banner-superior elementor-section-height-default elementor-section-height-default exad-glass-effect-no exad-sticky-section-no\" data-id=\"808e794\" data-element_type=\"section\" data-e-type=\"section\" data-settings=\"{&quot;background_background&quot;:&quot;classic&quot;}\">\n\t\t\t\t\t\t<div class=\"elementor-container elementor-column-gap-default\">\n\t\t\t\t\t<div class=\"elementor-column elementor-col-50 elementor-top-column elementor-element elementor-element-d01eed1 exad-glass-effect-no exad-sticky-section-no\" data-id=\"d01eed1\" data-element_type=\"column\" data-e-type=\"column\" data-settings=\"{&quot;background_background&quot;:&quot;classic&quot;}\">\n\t\t\t<div class=\"elementor-widget-wrap elementor-element-populated\">\n\t\t\t\t\t\t\t<\/div>\n\t\t<\/div>\n\t\t\t\t<div class=\"elementor-column elementor-col-50 elementor-top-column elementor-element elementor-element-883bf05 exad-glass-effect-no exad-sticky-section-no\" data-id=\"883bf05\" data-element_type=\"column\" data-e-type=\"column\" data-settings=\"{&quot;background_background&quot;:&quot;classic&quot;}\">\n\t\t\t<div class=\"elementor-widget-wrap elementor-element-populated\">\n\t\t\t\t\t\t<div class=\"elementor-element elementor-element-4d013cb exad-sticky-section-no exad-glass-effect-no elementor-widget elementor-widget-image\" data-id=\"4d013cb\" data-element_type=\"widget\" data-e-type=\"widget\" data-widget_type=\"image.default\">\n\t\t\t\t<div class=\"elementor-widget-container\">\n\t\t\t\t\t\t\t\t\t\t\t\t\t\t\t<img fetchpriority=\"high\" decoding=\"async\" width=\"750\" height=\"500\" src=\"https:\/\/hernandezmora.com\/wp-content\/uploads\/2023\/08\/HM-ALTA-20-768x512.jpg\" class=\"attachment-medium_large size-medium_large wp-image-3660\" alt=\"Despacho de abogados en Murcia y Almorad\u00ed\" srcset=\"https:\/\/hernandezmora.com\/wp-content\/uploads\/2023\/08\/HM-ALTA-20-768x512.jpg 768w, https:\/\/hernandezmora.com\/wp-content\/uploads\/2023\/08\/HM-ALTA-20-300x200.jpg 300w, https:\/\/hernandezmora.com\/wp-content\/uploads\/2023\/08\/HM-ALTA-20-1024x683.jpg 1024w, https:\/\/hernandezmora.com\/wp-content\/uploads\/2023\/08\/HM-ALTA-20-1536x1024.jpg 1536w, https:\/\/hernandezmora.com\/wp-content\/uploads\/2023\/08\/HM-ALTA-20-2048x1365.jpg 2048w, https:\/\/hernandezmora.com\/wp-content\/uploads\/2023\/08\/HM-ALTA-20-360x240.jpg 360w\" sizes=\"(max-width: 750px) 100vw, 750px\" \/>\t\t\t\t\t\t\t\t\t\t\t\t\t\t\t<\/div>\n\t\t\t\t<\/div>\n\t\t\t\t\t<\/div>\n\t\t<\/div>\n\t\t\t\t\t<\/div>\n\t\t<\/section>\n\t\t\t\t<section class=\"elementor-section elementor-top-section elementor-element elementor-element-b3640a5 elementor-section-boxed elementor-section-height-default elementor-section-height-default exad-glass-effect-no exad-sticky-section-no\" data-id=\"b3640a5\" data-element_type=\"section\" data-e-type=\"section\">\n\t\t\t\t\t\t<div class=\"elementor-container elementor-column-gap-default\">\n\t\t\t\t\t<div class=\"elementor-column elementor-col-100 elementor-top-column elementor-element elementor-element-f80fa84 exad-glass-effect-no exad-sticky-section-no\" data-id=\"f80fa84\" data-element_type=\"column\" data-e-type=\"column\">\n\t\t\t<div class=\"elementor-widget-wrap elementor-element-populated\">\n\t\t\t\t\t\t<div class=\"elementor-element elementor-element-d2dc001 exad-sticky-section-no exad-glass-effect-no elementor-widget elementor-widget-heading\" data-id=\"d2dc001\" data-element_type=\"widget\" data-e-type=\"widget\" data-widget_type=\"heading.default\">\n\t\t\t\t<div class=\"elementor-widget-container\">\n\t\t\t\t\t<h2 class=\"elementor-heading-title elementor-size-default\"><div class=\"contenido-pagina\">Equipo\n<\/div><\/h2>\t\t\t\t<\/div>\n\t\t\t\t<\/div>\n\t\t\t\t<section class=\"elementor-section elementor-inner-section elementor-element elementor-element-fcdaa82 elementor-section-boxed elementor-section-height-default elementor-section-height-default exad-glass-effect-no exad-sticky-section-no\" data-id=\"fcdaa82\" data-element_type=\"section\" data-e-type=\"section\">\n\t\t\t\t\t\t<div class=\"elementor-container elementor-column-gap-default\">\n\t\t\t\t\t<div class=\"elementor-column elementor-col-50 elementor-inner-column elementor-element elementor-element-e25aede exad-glass-effect-no exad-sticky-section-no\" data-id=\"e25aede\" data-element_type=\"column\" data-e-type=\"column\">\n\t\t\t<div class=\"elementor-widget-wrap elementor-element-populated\">\n\t\t\t\t\t\t<div class=\"elementor-element elementor-element-828b7e6 exad-sticky-section-no exad-glass-effect-no elementor-widget elementor-widget-image\" data-id=\"828b7e6\" data-element_type=\"widget\" data-e-type=\"widget\" data-widget_type=\"image.default\">\n\t\t\t\t<div class=\"elementor-widget-container\">\n\t\t\t\t\t\t\t\t\t\t\t\t\t\t\t<img decoding=\"async\" width=\"1628\" height=\"2442\" src=\"https:\/\/hernandezmora.com\/wp-content\/uploads\/2023\/07\/HM-BAJA-8.jpg\" class=\"attachment-full size-full wp-image-2523\" alt=\"Despacho de abogados en Murcia y Almorad\u00ed\" srcset=\"https:\/\/hernandezmora.com\/wp-content\/uploads\/2023\/07\/HM-BAJA-8.jpg 1628w, https:\/\/hernandezmora.com\/wp-content\/uploads\/2023\/07\/HM-BAJA-8-200x300.jpg 200w, https:\/\/hernandezmora.com\/wp-content\/uploads\/2023\/07\/HM-BAJA-8-683x1024.jpg 683w, https:\/\/hernandezmora.com\/wp-content\/uploads\/2023\/07\/HM-BAJA-8-768x1152.jpg 768w, https:\/\/hernandezmora.com\/wp-content\/uploads\/2023\/07\/HM-BAJA-8-1024x1536.jpg 1024w, https:\/\/hernandezmora.com\/wp-content\/uploads\/2023\/07\/HM-BAJA-8-1365x2048.jpg 1365w\" sizes=\"(max-width: 1628px) 100vw, 1628px\" \/>\t\t\t\t\t\t\t\t\t\t\t\t\t\t\t<\/div>\n\t\t\t\t<\/div>\n\t\t\t\t<div class=\"elementor-element elementor-element-5101b8d exad-sticky-section-no exad-glass-effect-no elementor-widget elementor-widget-heading\" data-id=\"5101b8d\" data-element_type=\"widget\" data-e-type=\"widget\" data-widget_type=\"heading.default\">\n\t\t\t\t<div class=\"elementor-widget-container\">\n\t\t\t\t\t<h2 class=\"elementor-heading-title elementor-size-default\"><div class=\"contenido-pagina\">Juan A. Hern\u00e1ndez-Mora<\/div><\/h2>\t\t\t\t<\/div>\n\t\t\t\t<\/div>\n\t\t\t\t<div class=\"elementor-element elementor-element-7b7692f exad-sticky-section-no exad-glass-effect-no elementor-widget elementor-widget-text-editor\" data-id=\"7b7692f\" data-element_type=\"widget\" data-e-type=\"widget\" data-widget_type=\"text-editor.default\">\n\t\t\t\t<div class=\"elementor-widget-container\">\n\t\t\t\t\t\t\t\t\t<div class=\"contenido-pagina\"><p>Juan Antonio is een toegankelijke, directe en empathische advocaat. He trained in his hometown of Murcia, then in Madrid and began his professional career in London.<\/p><p>Hij heeft meer dan 15 jaar ervaring op verschillende gebieden en aarzelt niet om de handen uit de mouwen te steken om voor zijn cli\u00ebnten te vechten.<\/p><p>Hij spreekt Engels en heeft uitgebreide ervaring op verschillende rechtsgebieden.<\/p><\/div>\t\t\t\t\t\t\t\t<\/div>\n\t\t\t\t<\/div>\n\t\t\t\t\t<\/div>\n\t\t<\/div>\n\t\t\t\t<div class=\"elementor-column elementor-col-50 elementor-inner-column elementor-element elementor-element-bfd72b6 exad-glass-effect-no exad-sticky-section-no\" data-id=\"bfd72b6\" data-element_type=\"column\" data-e-type=\"column\">\n\t\t\t<div class=\"elementor-widget-wrap elementor-element-populated\">\n\t\t\t\t\t\t<div class=\"elementor-element elementor-element-9eb3d58 exad-sticky-section-no exad-glass-effect-no elementor-widget elementor-widget-image\" data-id=\"9eb3d58\" data-element_type=\"widget\" data-e-type=\"widget\" data-widget_type=\"image.default\">\n\t\t\t\t<div class=\"elementor-widget-container\">\n\t\t\t\t\t\t\t\t\t\t\t\t\t\t\t<img decoding=\"async\" width=\"1688\" height=\"2531\" src=\"https:\/\/hernandezmora.com\/wp-content\/uploads\/2023\/08\/HM-BAJA-5-1-1.jpg\" class=\"attachment-full size-full wp-image-3648\" alt=\"Despacho de abogados en Murcia y Almorad\u00ed\" srcset=\"https:\/\/hernandezmora.com\/wp-content\/uploads\/2023\/08\/HM-BAJA-5-1-1.jpg 1688w, https:\/\/hernandezmora.com\/wp-content\/uploads\/2023\/08\/HM-BAJA-5-1-1-200x300.jpg 200w, https:\/\/hernandezmora.com\/wp-content\/uploads\/2023\/08\/HM-BAJA-5-1-1-683x1024.jpg 683w, https:\/\/hernandezmora.com\/wp-content\/uploads\/2023\/08\/HM-BAJA-5-1-1-768x1152.jpg 768w, https:\/\/hernandezmora.com\/wp-content\/uploads\/2023\/08\/HM-BAJA-5-1-1-1024x1536.jpg 1024w, https:\/\/hernandezmora.com\/wp-content\/uploads\/2023\/08\/HM-BAJA-5-1-1-1366x2048.jpg 1366w\" sizes=\"(max-width: 1688px) 100vw, 1688px\" \/>\t\t\t\t\t\t\t\t\t\t\t\t\t\t\t<\/div>\n\t\t\t\t<\/div>\n\t\t\t\t<div class=\"elementor-element elementor-element-7bea80b exad-sticky-section-no exad-glass-effect-no elementor-widget elementor-widget-heading\" data-id=\"7bea80b\" data-element_type=\"widget\" data-e-type=\"widget\" data-widget_type=\"heading.default\">\n\t\t\t\t<div class=\"elementor-widget-container\">\n\t\t\t\t\t<h2 class=\"elementor-heading-title elementor-size-default\"><div>Katja Kiroechina<\/div><\/h2>\t\t\t\t<\/div>\n\t\t\t\t<\/div>\n\t\t\t\t<div class=\"elementor-element elementor-element-c679704 exad-sticky-section-no exad-glass-effect-no elementor-widget elementor-widget-text-editor\" data-id=\"c679704\" data-element_type=\"widget\" data-e-type=\"widget\" data-widget_type=\"text-editor.default\">\n\t\t\t\t<div class=\"elementor-widget-container\">\n\t\t\t\t\t\t\t\t\t<div class=\"contenido-pagina\"><p>Katia is onze belastingadviseur en after-sales specialist. Ze is geboren in Atkarsk, een kleine stad in het zuidoosten van Rusland. <\/p><p>Op twaalfjarige leeftijd kwam hij naar Spanje en studeerde af in Business Administration and Management aan de Miguel Hern\u00e1ndez University in Elche, waar hij de prijs kreeg voor een van de beste resultaten van zijn klas.<\/p><p>Hij heeft meer dan 5 jaar ervaring in de sector. Ze zal je altijd met een glimlach bijstaan en je het beste belastingadvies geven. Katia spreekt Russisch, tweetalig Spaans en vloeiend Engels.  <\/p><\/div>\t\t\t\t\t\t\t\t<\/div>\n\t\t\t\t<\/div>\n\t\t\t\t\t<\/div>\n\t\t<\/div>\n\t\t\t\t\t<\/div>\n\t\t<\/section>\n\t\t\t\t<section class=\"elementor-section elementor-inner-section elementor-element elementor-element-8a34200 elementor-section-boxed elementor-section-height-default elementor-section-height-default exad-glass-effect-no exad-sticky-section-no\" data-id=\"8a34200\" data-element_type=\"section\" data-e-type=\"section\">\n\t\t\t\t\t\t<div class=\"elementor-container elementor-column-gap-default\">\n\t\t\t\t\t<div class=\"elementor-column elementor-col-50 elementor-inner-column elementor-element elementor-element-5803130 exad-glass-effect-no exad-sticky-section-no\" data-id=\"5803130\" data-element_type=\"column\" data-e-type=\"column\">\n\t\t\t<div class=\"elementor-widget-wrap elementor-element-populated\">\n\t\t\t\t\t\t<div class=\"elementor-element elementor-element-9667a54 exad-sticky-section-no exad-glass-effect-no elementor-widget elementor-widget-heading\" data-id=\"9667a54\" data-element_type=\"widget\" data-e-type=\"widget\" data-widget_type=\"heading.default\">\n\t\t\t\t<div class=\"elementor-widget-container\">\n\t\t\t\t\t<h2 class=\"elementor-heading-title elementor-size-default\"><div>Victoria Montesinos Cabello<\/div><\/h2>\t\t\t\t<\/div>\n\t\t\t\t<\/div>\n\t\t\t\t<div class=\"elementor-element elementor-element-51d7192 exad-sticky-section-no exad-glass-effect-no elementor-widget elementor-widget-text-editor\" data-id=\"51d7192\" data-element_type=\"widget\" data-e-type=\"widget\" data-widget_type=\"text-editor.default\">\n\t\t\t\t<div class=\"elementor-widget-container\">\n\t\t\t\t\t\t\t\t\t<p>Victoria is advocaat en gespecialiseerd in verblijfsrecht, visa en immigratierecht in het algemeen.<\/p>\t\t\t\t\t\t\t\t<\/div>\n\t\t\t\t<\/div>\n\t\t\t\t<div class=\"elementor-element elementor-element-c3e6728 exad-sticky-section-no exad-glass-effect-no elementor-widget elementor-widget-heading\" data-id=\"c3e6728\" data-element_type=\"widget\" data-e-type=\"widget\" data-widget_type=\"heading.default\">\n\t\t\t\t<div class=\"elementor-widget-container\">\n\t\t\t\t\t<h2 class=\"elementor-heading-title elementor-size-default\">Javier Zambudio Nicol\u00e1s<\/h2>\t\t\t\t<\/div>\n\t\t\t\t<\/div>\n\t\t\t\t<div class=\"elementor-element elementor-element-2832302 exad-sticky-section-no exad-glass-effect-no elementor-widget elementor-widget-text-editor\" data-id=\"2832302\" data-element_type=\"widget\" data-e-type=\"widget\" data-widget_type=\"text-editor.default\">\n\t\t\t\t<div class=\"elementor-widget-container\">\n\t\t\t\t\t\t\t\t\t<p>Javier is advocaat, gespecialiseerd in complexe procesvoering. Hij heeft ervaring bij zowel nationale rechtbanken in heel Spanje als bij Europese jurisdicties. <\/p>\t\t\t\t\t\t\t\t<\/div>\n\t\t\t\t<\/div>\n\t\t\t\t\t<\/div>\n\t\t<\/div>\n\t\t\t\t<div class=\"elementor-column elementor-col-50 elementor-inner-column elementor-element elementor-element-7e86d52 exad-glass-effect-no exad-sticky-section-no\" data-id=\"7e86d52\" data-element_type=\"column\" data-e-type=\"column\">\n\t\t\t<div class=\"elementor-widget-wrap elementor-element-populated\">\n\t\t\t\t\t\t<div class=\"elementor-element elementor-element-3c9e7ed exad-sticky-section-no exad-glass-effect-no elementor-widget elementor-widget-heading\" data-id=\"3c9e7ed\" data-element_type=\"widget\" data-e-type=\"widget\" data-widget_type=\"heading.default\">\n\t\t\t\t<div class=\"elementor-widget-container\">\n\t\t\t\t\t<h2 class=\"elementor-heading-title elementor-size-default\">Jos\u00e9 Hern\u00e1ndez-Mora Fern\u00e1ndez<\/h2>\t\t\t\t<\/div>\n\t\t\t\t<\/div>\n\t\t\t\t<div class=\"elementor-element elementor-element-d026efc exad-sticky-section-no exad-glass-effect-no elementor-widget elementor-widget-text-editor\" data-id=\"d026efc\" data-element_type=\"widget\" data-e-type=\"widget\" data-widget_type=\"text-editor.default\">\n\t\t\t\t<div class=\"elementor-widget-container\">\n\t\t\t\t\t\t\t\t\t<p>Jos\u00e9 is een advocaat met meer dan 30 jaar ervaring, voornamelijk werkzaam op civielrechtelijk gebied. Hij heeft een groot aantal rechtszaken gevoerd, voornamelijk over eigendom, bouwgebreken, grenzen, echtscheidingen en scheidingen.<\/p>\t\t\t\t\t\t\t\t<\/div>\n\t\t\t\t<\/div>\n\t\t\t\t<div class=\"elementor-element elementor-element-913f814 exad-sticky-section-no exad-glass-effect-no elementor-widget elementor-widget-heading\" data-id=\"913f814\" data-element_type=\"widget\" data-e-type=\"widget\" data-widget_type=\"heading.default\">\n\t\t\t\t<div class=\"elementor-widget-container\">\n\t\t\t\t\t<h2 class=\"elementor-heading-title elementor-size-default\">Bruno Lucas<\/h2>\t\t\t\t<\/div>\n\t\t\t\t<\/div>\n\t\t\t\t<div class=\"elementor-element elementor-element-2971d28 elementor-widget__width-initial exad-sticky-section-no exad-glass-effect-no elementor-widget elementor-widget-text-editor\" data-id=\"2971d28\" data-element_type=\"widget\" data-e-type=\"widget\" data-widget_type=\"text-editor.default\">\n\t\t\t\t<div class=\"elementor-widget-container\">\n\t\t\t\t\t\t\t\t\t<p><span style=\"color: #777777; font-family: Questrial, sans-serif; font-size: 17px; white-space-collapse: preserve;\">Bruno is onze specialist voor vastgoedkwesties en -procedures. Bruno heeft uitgebreide ervaring in verschillende sectoren en biedt persoonlijke ondersteuning en stap-voor-stap advies.   <br><\/span><span style=\"white-space-collapse: preserve; font-size: 17px;\"><span style=\"color: #777777; font-family: Questrial, sans-serif;\">Bruno spreekt Spaans, Portugees, Engels en vloeiend Frans.  <\/span><\/span><\/p>\t\t\t\t\t\t\t\t<\/div>\n\t\t\t\t<\/div>\n\t\t\t\t\t<\/div>\n\t\t<\/div>\n\t\t\t\t\t<\/div>\n\t\t<\/section>\n\t\t\t\t\t<\/div>\n\t\t<\/div>\n\t\t\t\t\t<\/div>\n\t\t<\/section>\n\t\t\t\t<section class=\"elementor-section elementor-top-section elementor-element elementor-element-391e598 elementor-section-full_width elementor-section-height-default elementor-section-height-default exad-glass-effect-no exad-sticky-section-no\" data-id=\"391e598\" data-element_type=\"section\" data-e-type=\"section\">\n\t\t\t\t\t\t<div class=\"elementor-container elementor-column-gap-default\">\n\t\t\t\t\t<div class=\"elementor-column elementor-col-100 elementor-top-column elementor-element elementor-element-f07b41c exad-glass-effect-no exad-sticky-section-no\" data-id=\"f07b41c\" data-element_type=\"column\" data-e-type=\"column\">\n\t\t\t<div class=\"elementor-widget-wrap elementor-element-populated\">\n\t\t\t\t\t\t<div class=\"elementor-element elementor-element-b84dcae exad-sticky-section-no exad-glass-effect-no elementor-widget elementor-widget-heading\" data-id=\"b84dcae\" data-element_type=\"widget\" data-e-type=\"widget\" data-widget_type=\"heading.default\">\n\t\t\t\t<div class=\"elementor-widget-container\">\n\t\t\t\t\t<h2 class=\"elementor-heading-title elementor-size-default\"><div><span>Maak je eerste afspraak<\/span><br><\/div><\/h2>\t\t\t\t<\/div>\n\t\t\t\t<\/div>\n\t\t\t\t<div class=\"elementor-element elementor-element-0471ba9 elementor-widget-divider--view-line exad-sticky-section-no exad-glass-effect-no elementor-widget elementor-widget-divider\" data-id=\"0471ba9\" data-element_type=\"widget\" data-e-type=\"widget\" data-widget_type=\"divider.default\">\n\t\t\t\t<div class=\"elementor-widget-container\">\n\t\t\t\t\t\t\t<div class=\"elementor-divider\">\n\t\t\t<span class=\"elementor-divider-separator\">\n\t\t\t\t\t\t<\/span>\n\t\t<\/div>\n\t\t\t\t\t\t<\/div>\n\t\t\t\t<\/div>\n\t\t\t\t<section class=\"elementor-section elementor-inner-section elementor-element elementor-element-4fd2a3e elementor-section-boxed elementor-section-height-default elementor-section-height-default exad-glass-effect-no exad-sticky-section-no\" data-id=\"4fd2a3e\" data-element_type=\"section\" data-e-type=\"section\">\n\t\t\t\t\t\t<div class=\"elementor-container elementor-column-gap-default\">\n\t\t\t\t\t<div class=\"elementor-column elementor-col-50 elementor-inner-column elementor-element elementor-element-8e9fdf8 exad-glass-effect-no exad-sticky-section-no\" data-id=\"8e9fdf8\" data-element_type=\"column\" data-e-type=\"column\">\n\t\t\t<div class=\"elementor-widget-wrap elementor-element-populated\">\n\t\t\t\t\t\t<div class=\"elementor-element elementor-element-06a3738 exad-sticky-section-no exad-glass-effect-no elementor-widget elementor-widget-text-editor\" data-id=\"06a3738\" data-element_type=\"widget\" data-e-type=\"widget\" data-widget_type=\"text-editor.default\">\n\t\t\t\t<div class=\"elementor-widget-container\">\n\t\t\t\t\t\t\t\t\t<div>Vertel ons over je zaak en wij nemen contact met je op.<\/div>\t\t\t\t\t\t\t\t<\/div>\n\t\t\t\t<\/div>\n\t\t\t\t\t<\/div>\n\t\t<\/div>\n\t\t\t\t<div class=\"elementor-column elementor-col-50 elementor-inner-column elementor-element elementor-element-dacc0ca exad-glass-effect-no exad-sticky-section-no\" data-id=\"dacc0ca\" data-element_type=\"column\" data-e-type=\"column\">\n\t\t\t<div class=\"elementor-widget-wrap elementor-element-populated\">\n\t\t\t\t\t\t<div class=\"elementor-element elementor-element-0f0691a exad-sticky-section-no exad-glass-effect-no elementor-widget elementor-widget-shortcode\" data-id=\"0f0691a\" data-element_type=\"widget\" data-e-type=\"widget\" data-widget_type=\"shortcode.default\">\n\t\t\t\t<div class=\"elementor-widget-container\">\n\t\t\t\t\t\t\t<div class=\"elementor-shortcode\">\n<div class=\"wpcf7 no-js\" id=\"wpcf7-f4527-o1\" lang=\"nl-NL\" dir=\"ltr\" data-wpcf7-id=\"4527\">\n<div class=\"screen-reader-response\"><p role=\"status\" aria-live=\"polite\" aria-atomic=\"true\"><\/p> <ul><\/ul><\/div>\n<form action=\"\/nl\/wp-json\/wp\/v2\/pages\/2615#wpcf7-f4527-o1\" method=\"post\" class=\"wpcf7-form init\" aria-label=\"Contactformulier\" novalidate=\"novalidate\" data-status=\"init\">\n<fieldset class=\"hidden-fields-container\"><input type=\"hidden\" name=\"_wpcf7\" value=\"4527\" \/><input type=\"hidden\" name=\"_wpcf7_version\" value=\"6.1.5\" \/><input type=\"hidden\" name=\"_wpcf7_locale\" value=\"nl_NL\" \/><input type=\"hidden\" name=\"_wpcf7_unit_tag\" value=\"wpcf7-f4527-o1\" \/><input type=\"hidden\" name=\"_wpcf7_container_post\" value=\"0\" \/><input type=\"hidden\" name=\"_wpcf7_posted_data_hash\" value=\"\" \/><input type=\"hidden\" name=\"_wpcf7_recaptcha_response\" value=\"\" \/>\n<\/fieldset>\n<div class=\"row\">\n\t<div class=\"col-12 col-sm-6\">\n\t\t<p><label><span class=\"wpcf7-form-control-wrap\" data-name=\"your-name\"><input size=\"40\" maxlength=\"400\" class=\"wpcf7-form-control wpcf7-text wpcf7-validates-as-required\" aria-required=\"true\" aria-invalid=\"false\" placeholder=\"Naam\" value=\"\" type=\"text\" name=\"your-name\" \/><\/span><\/label>\n\t\t<\/p>\n\t<\/div>\n\t<div class=\"col-12 col-sm-6\">\n\t\t<p><label><span class=\"wpcf7-form-control-wrap\" data-name=\"your-lastname\"><input size=\"40\" maxlength=\"400\" class=\"wpcf7-form-control wpcf7-text wpcf7-validates-as-required\" aria-required=\"true\" aria-invalid=\"false\" placeholder=\"Achternaam\" value=\"\" type=\"text\" name=\"your-lastname\" \/><\/span><\/label>\n\t\t<\/p>\n\t<\/div>\n\t<div class=\"col-12 col-sm-6\">\n\t\t<p><label><span class=\"wpcf7-form-control-wrap\" data-name=\"uw-email\"><input size=\"40\" maxlength=\"400\" class=\"wpcf7-form-control wpcf7-email wpcf7-validates-as-required wpcf7-text wpcf7-validates-as-email\" aria-required=\"true\" aria-invalid=\"false\" placeholder=\"E-mail\" value=\"\" type=\"email\" name=\"uw-email\" \/><\/span><\/label>\n\t\t<\/p>\n\t<\/div>\n\t<div class=\"col-12 col-sm-6\">\n\t\t<p><label><span class=\"wpcf7-form-control-wrap\" data-name=\"uw-telefoon\"><input size=\"40\" maxlength=\"400\" class=\"wpcf7-form-control wpcf7-text wpcf7-validates-as-required\" aria-required=\"true\" aria-invalid=\"false\" placeholder=\"Telefoon\" value=\"\" type=\"text\" name=\"uw-telefoon\" \/><\/span><\/label>\n\t\t<\/p>\n\t<\/div>\n\t<div class=\"col-sm-12\">\n\t\t<p><label><span class=\"wpcf7-form-control-wrap\" data-name=\"your-message\"><textarea cols=\"40\" rows=\"10\" maxlength=\"2000\" class=\"wpcf7-form-control wpcf7-textarea\" aria-invalid=\"false\" placeholder=\"Schrijf je bericht hier...\" name=\"your-message\"><\/textarea><\/span><\/label>\n\t\t<\/p>\n\t<\/div>\n\n\t<p><input class=\"wpcf7-form-control wpcf7-submit has-spinner\" type=\"submit\" value=\"Stuur\" \/>\n\t<\/p>\n<\/div><p style=\"display: none !important;\" class=\"akismet-fields-container\" data-prefix=\"_wpcf7_ak_\"><label>&#916;<textarea name=\"_wpcf7_ak_hp_textarea\" cols=\"45\" rows=\"8\" maxlength=\"100\"><\/textarea><\/label><input type=\"hidden\" id=\"ak_js_1\" name=\"_wpcf7_ak_js\" value=\"63\"\/><script>document.getElementById( \"ak_js_1\" ).setAttribute( \"value\", ( new Date() ).getTime() );<\/script><\/p><div class=\"wpcf7-response-output\" aria-hidden=\"true\"><\/div>\n<\/form>\n<\/div>\n<\/div>\n\t\t\t\t\t\t<\/div>\n\t\t\t\t<\/div>\n\t\t\t\t\t<\/div>\n\t\t<\/div>\n\t\t\t\t\t<\/div>\n\t\t<\/section>\n\t\t\t\t\t<\/div>\n\t\t<\/div>\n\t\t\t\t\t<\/div>\n\t\t<\/section>\n\t\t\t\t<\/div>\n\t\t","protected":false},"excerpt":{"rendered":"<p>Equipo Juan A. Hern\u00e1ndez-Mora Juan Antonio is een toegankelijke, directe en empathische advocaat. He trained in his hometown of Murcia, then in Madrid and began his professional career in London. Hij heeft meer dan 15 jaar ervaring op verschillende gebieden en aarzelt niet om de handen uit de mouwen te [&hellip;]<\/p>\n","protected":false},"author":1,"featured_media":0,"parent":0,"menu_order":0,"comment_status":"closed","ping_status":"closed","template":"elementor_header_footer","meta":{"_joinchat":[],"footnotes":""},"class_list":["post-2615","page","type-page","status-publish","hentry"],"_links":{"self":[{"href":"https:\/\/hernandezmora.com\/nl\/wp-json\/wp\/v2\/pages\/2615","targetHints":{"allow":["GET"]}}],"collection":[{"href":"https:\/\/hernandezmora.com\/nl\/wp-json\/wp\/v2\/pages"}],"about":[{"href":"https:\/\/hernandezmora.com\/nl\/wp-json\/wp\/v2\/types\/page"}],"author":[{"embeddable":true,"href":"https:\/\/hernandezmora.com\/nl\/wp-json\/wp\/v2\/users\/1"}],"replies":[{"embeddable":true,"href":"https:\/\/hernandezmora.com\/nl\/wp-json\/wp\/v2\/comments?post=2615"}],"version-history":[{"count":35,"href":"https:\/\/hernandezmora.com\/nl\/wp-json\/wp\/v2\/pages\/2615\/revisions"}],"predecessor-version":[{"id":4572,"href":"https:\/\/hernandezmora.com\/nl\/wp-json\/wp\/v2\/pages\/2615\/revisions\/4572"}],"wp:attachment":[{"href":"https:\/\/hernandezmora.com\/nl\/wp-json\/wp\/v2\/media?parent=2615"}],"curies":[{"name":"wp","href":"https:\/\/api.w.org\/{rel}","templated":true}]}}