{"id":2665,"date":"2023-04-20T06:27:49","date_gmt":"2023-04-20T06:27:49","guid":{"rendered":"https:\/\/hernandezmora.com\/aviso-legal\/"},"modified":"2023-07-25T06:40:59","modified_gmt":"2023-07-25T06:40:59","slug":"aviso-legal","status":"publish","type":"page","link":"https:\/\/hernandezmora.com\/nl\/aviso-legal\/","title":{"rendered":"Aviso legal"},"content":{"rendered":"\t\t<div data-elementor-type=\"wp-page\" data-elementor-id=\"2665\" class=\"elementor elementor-2665 elementor-946\" data-elementor-post-type=\"page\">\n\t\t\t\t\t\t<section class=\"elementor-section elementor-top-section elementor-element elementor-element-0a81f34 elementor-section-boxed elementor-section-height-default elementor-section-height-default exad-glass-effect-no exad-sticky-section-no\" data-id=\"0a81f34\" data-element_type=\"section\" data-e-type=\"section\">\n\t\t\t\t\t\t<div class=\"elementor-container elementor-column-gap-default\">\n\t\t\t\t\t<div class=\"elementor-column elementor-col-100 elementor-top-column elementor-element elementor-element-ed64d69 exad-glass-effect-no exad-sticky-section-no\" data-id=\"ed64d69\" data-element_type=\"column\" data-e-type=\"column\">\n\t\t\t<div class=\"elementor-widget-wrap\">\n\t\t\t\t\t\t\t<\/div>\n\t\t<\/div>\n\t\t\t\t\t<\/div>\n\t\t<\/section>\n\t\t\t\t<section class=\"elementor-section elementor-top-section elementor-element elementor-element-cb0dc95 elementor-section-boxed elementor-section-height-default elementor-section-height-default exad-glass-effect-no exad-sticky-section-no\" data-id=\"cb0dc95\" data-element_type=\"section\" data-e-type=\"section\">\n\t\t\t\t\t\t<div class=\"elementor-container elementor-column-gap-default\">\n\t\t\t\t\t<div class=\"elementor-column elementor-col-50 elementor-top-column elementor-element elementor-element-45edfa0 exad-glass-effect-no exad-sticky-section-no\" data-id=\"45edfa0\" data-element_type=\"column\" data-e-type=\"column\">\n\t\t\t<div class=\"elementor-widget-wrap\">\n\t\t\t\t\t\t\t<\/div>\n\t\t<\/div>\n\t\t\t\t<div class=\"elementor-column elementor-col-50 elementor-top-column elementor-element elementor-element-b9e8823 exad-glass-effect-no exad-sticky-section-no\" data-id=\"b9e8823\" data-element_type=\"column\" data-e-type=\"column\">\n\t\t\t<div class=\"elementor-widget-wrap\">\n\t\t\t\t\t\t\t<\/div>\n\t\t<\/div>\n\t\t\t\t\t<\/div>\n\t\t<\/section>\n\t\t\t\t<section class=\"elementor-section elementor-top-section elementor-element elementor-element-6b18a70 elementor-section-boxed elementor-section-height-default elementor-section-height-default exad-glass-effect-no exad-sticky-section-no\" data-id=\"6b18a70\" data-element_type=\"section\" data-e-type=\"section\">\n\t\t\t\t\t\t<div class=\"elementor-container elementor-column-gap-default\">\n\t\t\t\t\t<div class=\"elementor-column elementor-col-100 elementor-top-column elementor-element elementor-element-9cae30e exad-glass-effect-no exad-sticky-section-no\" data-id=\"9cae30e\" data-element_type=\"column\" data-e-type=\"column\">\n\t\t\t<div class=\"elementor-widget-wrap elementor-element-populated\">\n\t\t\t\t\t\t<div class=\"elementor-element elementor-element-38ad9b7 exad-sticky-section-no exad-glass-effect-no elementor-widget elementor-widget-text-editor\" data-id=\"38ad9b7\" data-element_type=\"widget\" data-e-type=\"widget\" data-widget_type=\"text-editor.default\">\n\t\t\t\t<div class=\"elementor-widget-container\">\n\t\t\t\t\t\t\t\t\t<div><div data-testid=\"richTextElement\"><h2><\/h2><h2><span>Wettelijke kennisgeving en privacybeleid<\/span><\/h2><\/div><div data-testid=\"richTextElement\"><p>De bepalingen in deze website zijn geconfigureerd als de regels voor het portaal dat Hern\u00e1ndez-Mora beschikbaar stelt aan internetgebruikers.<\/p><p>1.- Algemene informatie.<\/p><p>In overeenstemming met de bepalingen van wet 34\/2002 van 11 juli 2002, op de diensten van de informatiemaatschappij en de elektronische handel, worden alle gebruikers van deze website ge\u00efnformeerd dat de naam van de eigenaar van deze website is Juan Antonio Hern\u00e1ndez-Mora Mart\u00ednez met adres op Colegio de Abogados de Murcia n\u00ba 6.151. Calle Lepanto, 3, Entlo, Derecha, 30.008, Murcia.<\/p><p>Hern\u00e1ndez-Mora is een bedrijf gewijd aan de advocatuur. Alle rechten voorbehouden.<\/p><p>2.- Toegang en beveiliging<\/p><p>Deze website is niet opgezet om persoonlijke informatie van welke aard dan ook te verzamelen terwijl u erop surft. Dit betekent dat, tenzij u ons vrijwillig en expliciet persoonlijke informatie verstrekt, wij nooit uw naam, e-mailadres of andere informatie waarmee u ge\u00efdentificeerd kunt worden, zullen kennen. Wanneer we informatie van u nodig hebben, zullen we u altijd vragen deze vrijwillig en expliciet te verstrekken.<\/p><p>3.- Aansprakelijkheid<\/p><p>Hern\u00e1ndez-Mora is niet aansprakelijk in geval van dienst onderbreking, storing of enig ander ongemak dat kan optreden als gevolg van oorzaken buiten onze controle.<\/p><p>Hern\u00e1ndez-Mora is niet aansprakelijk voor schade als gevolg van de aanwezigheid van virussen of andere incidenten die zijn ontstaan of ge\u00efntroduceerd in het computersysteem door hackers of derden die zich op frauduleuze wijze toegang verschaffen tot de integriteit van deze website.<\/p><p>4.- Intellectueel eigendom<\/p><p>De teksten, afbeeldingen en andere inhoud van deze website zijn eigendom van Hern\u00e1ndez-Mora, of van derden die Hern\u00e1ndez-Mora een licentie of toestemming hebben gegeven om ze te gebruiken. Alle logo&#8217;s, handelsmerken en ontwerpen op deze website maken deel uit van de intellectuele eigendomsrechten geregistreerd door Hern\u00e1ndez-Mora en elke vorm van exploitatie, dat wil zeggen reproductie, distributie, publieke communicatie en transformatie zonder de uitdrukkelijke toestemming van Hern\u00e1ndez-Mora is verboden. De openbaarmaking, het gebruik, de transmissie, distributie, reproductie en transformatie, geheel of gedeeltelijk in welke vorm of medium dan ook, van de inhoud van deze website is verboden zonder de voorafgaande uitdrukkelijke toestemming van Hern\u00e1ndez-Mora, tenzij anders aangegeven of tenzij het gebruik voor persoonlijk gebruik is en geen inbreuk maakt op de rechten die door de geldende wetgeving aan Hern\u00e1ndez-Mora zijn verleend.<\/p><p>Eventuele wijzigingen in deze Wettelijke Notitie zullen beschikbaar worden gesteld aan u in dit gedeelte, om u op de hoogte te houden van de wijzigingen. Het wordt aanbevolen om de juridische kennisgeving regelmatig te lezen om op de hoogte te blijven van eventuele wijzigingen.<\/p><p>5.- Privacy en bescherming persoonsgegevens<\/p><p>In overeenstemming met de bepalingen van de organieke wet 15\/1999, van 13 december 1999 inzake de bescherming van persoonsgegevens, informeert Hern\u00e1ndez-Mora dat persoonlijke gegevens die worden verzameld via het contactformulier, de gebruikersregistratie, of enig ander onderdeel van deze website, zullen worden opgenomen in een bestand dat naar behoren is geregistreerd bij het Spaanse Agentschap voor Gegevensbescherming, waarvoor Hern\u00e1ndez-Mora verantwoordelijk is.<\/p><p>Het doel van deze verzameling van persoonlijke gegevens is &#8220;het verzamelen van contactgegevens voor het beheer van commerci\u00eble en administratieve zaken&#8221;.<\/p><p>Wij herinneren u eraan dat uw gegevens onder geen enkele omstandigheid aan derden zullen worden verstrekt en alleen voor de beschreven doeleinden zullen worden gebruikt. Alle gegevens die via elektronische formulieren en\/of per e-mail worden verstrekt, worden strikt vertrouwelijk behandeld in overeenstemming met de organieke wet 15\/1999 van 13 december over de bescherming van persoonsgegevens (LOPD).<\/p><p>U kunt uw recht op toegang, rectificatie, annulering en verzet uitoefenen door uw gegevens per post te sturen naar Calle Lepanto, 3, Entlo, Derecha, 30.008, Murcia of naar het volgende e-mailadres:<span><span>\u00a0<\/span><a data-auto-recognition=\"true\" href=\"mailto:info@hernandezmora.com\">info@hernandezmora.com<\/a>.<\/span><\/p><p>Deze rechten zijn zeer persoonlijk en worden uitgeoefend door de ge\u00efnteresseerde, met geen andere beperkingen dan die welke zijn voorzien in de toepasselijke wetgeving. De wettelijke vertegenwoordiger van de ge\u00efnteresseerde gebruiker kan echter optreden wanneer deze laatste zich in een situatie van onbekwaamheid of minderjarigheid bevindt waardoor hij\/zij deze rechten niet persoonlijk kan uitoefenen.<\/p><p>Verzoeken om toegang worden binnen dertig dagen na ontvangst behandeld. Verzoeken tot rectificatie, annulering of verzet worden binnen tien dagen na ontvangst door de Gegevensverwerker behandeld.<\/p><p>Indien de verantwoordelijke voor de verwerking van mening is dat het niet passend is om het verzoek van de betrokkene in te willigen, stelt hij\/zij de betrokkene hiervan met opgave van redenen binnen de in de vorige paragraaf vermelde termijn op de hoogte.<\/p><p>In gevallen waarin het niet mogelijk is de gegevens fysiek te verwijderen, zowel om technische redenen als vanwege de gebruikte computerondersteuning, zal Hern\u00e1ndez-Mora de gegevens blokkeren om het gebruik ervan te voorkomen, totdat ze volledig uit de informatiesystemen zijn verwijderd.<\/p><p>De gevraagde gegevens zijn strikt noodzakelijk voor de correcte identificatie van de afzender om ons in staat te stellen de basis taken van het bedrijfsbeheer uit te voeren. Hern\u00e1ndez-Mora staat voor een verantwoord en vertrouwelijk gebruik van de gegevens en garandeert dat deze gegevens in overeenstemming met de wettelijke voorschriften worden behandeld en alleen door Hern\u00e1ndez-Mora voor het aangegeven doel worden gebruikt.<\/p><p>Door het versturen van de formulieren op deze website of door het verzenden van een e-mailbericht, stemt de verzender in met de geautomatiseerde verwerking van de gegevens die daarin zijn opgenomen. De verstrekte gegevens zullen in geen geval aan derden worden doorgegeven.<\/p><p>6.- Contact<\/p><p>Als u opheldering wilt over het privacybeleid of andere zaken die op deze pagina worden vermeld, of als u aanvullende informatie over ons bedrijf wilt, kunt u een e-mail sturen naar het volgende adres<span>:<span>\u00a0<\/span><a data-auto-recognition=\"true\" href=\"mailto:info@hernandezmora.com\">info@hernandezmora.com<\/a>.<\/span><\/p><p>Je kunt ook contact met ons opnemen via ons contactformulier onderaan deze pagina.<\/p><\/div><\/div>\t\t\t\t\t\t\t\t<\/div>\n\t\t\t\t<\/div>\n\t\t\t\t\t<\/div>\n\t\t<\/div>\n\t\t\t\t\t<\/div>\n\t\t<\/section>\n\t\t\t\t<\/div>\n\t\t","protected":false},"excerpt":{"rendered":"<p>Wettelijke kennisgeving en privacybeleid De bepalingen in deze website zijn geconfigureerd als de regels voor het portaal dat Hern\u00e1ndez-Mora beschikbaar stelt aan internetgebruikers. 1.- Algemene informatie. In overeenstemming met de bepalingen van wet 34\/2002 van 11 juli 2002, op de diensten van de informatiemaatschappij en de elektronische handel, worden alle [&hellip;]<\/p>\n","protected":false},"author":1,"featured_media":0,"parent":0,"menu_order":0,"comment_status":"closed","ping_status":"closed","template":"page-templates\/template-pagebuilder-full-width.php","meta":{"_joinchat":[],"footnotes":""},"class_list":["post-2665","page","type-page","status-publish","hentry"],"_links":{"self":[{"href":"https:\/\/hernandezmora.com\/nl\/wp-json\/wp\/v2\/pages\/2665","targetHints":{"allow":["GET"]}}],"collection":[{"href":"https:\/\/hernandezmora.com\/nl\/wp-json\/wp\/v2\/pages"}],"about":[{"href":"https:\/\/hernandezmora.com\/nl\/wp-json\/wp\/v2\/types\/page"}],"author":[{"embeddable":true,"href":"https:\/\/hernandezmora.com\/nl\/wp-json\/wp\/v2\/users\/1"}],"replies":[{"embeddable":true,"href":"https:\/\/hernandezmora.com\/nl\/wp-json\/wp\/v2\/comments?post=2665"}],"version-history":[{"count":16,"href":"https:\/\/hernandezmora.com\/nl\/wp-json\/wp\/v2\/pages\/2665\/revisions"}],"predecessor-version":[{"id":3330,"href":"https:\/\/hernandezmora.com\/nl\/wp-json\/wp\/v2\/pages\/2665\/revisions\/3330"}],"wp:attachment":[{"href":"https:\/\/hernandezmora.com\/nl\/wp-json\/wp\/v2\/media?parent=2665"}],"curies":[{"name":"wp","href":"https:\/\/api.w.org\/{rel}","templated":true}]}}