{"id":2712,"date":"2023-03-14T09:49:24","date_gmt":"2023-03-14T09:49:24","guid":{"rendered":"https:\/\/hernandezmora.com\/juicios-y-reclamaciones\/"},"modified":"2023-07-14T07:13:02","modified_gmt":"2023-07-14T07:13:02","slug":"juicios-y-reclamaciones","status":"publish","type":"page","link":"https:\/\/hernandezmora.com\/nl\/juicios-y-reclamaciones\/","title":{"rendered":"Juicios y reclamaciones"},"content":{"rendered":"\t\t<div data-elementor-type=\"wp-page\" data-elementor-id=\"2712\" class=\"elementor elementor-2712\" data-elementor-post-type=\"page\">\n\t\t\t\t\t\t<section class=\"elementor-section elementor-top-section elementor-element elementor-element-808e794 elementor-section-full_width elementor-section-content-middle banner-superior elementor-section-height-default elementor-section-height-default exad-glass-effect-no exad-sticky-section-no\" data-id=\"808e794\" data-element_type=\"section\" data-e-type=\"section\">\n\t\t\t\t\t\t<div class=\"elementor-container elementor-column-gap-default\">\n\t\t\t\t\t<div class=\"elementor-column elementor-col-50 elementor-top-column elementor-element elementor-element-d01eed1 exad-glass-effect-no exad-sticky-section-no\" data-id=\"d01eed1\" data-element_type=\"column\" data-e-type=\"column\" data-settings=\"{&quot;background_background&quot;:&quot;classic&quot;}\">\n\t\t\t<div class=\"elementor-widget-wrap elementor-element-populated\">\n\t\t\t\t\t\t<div class=\"elementor-element elementor-element-4b4e9ac exad-sticky-section-no exad-glass-effect-no elementor-widget elementor-widget-heading\" data-id=\"4b4e9ac\" data-element_type=\"widget\" data-e-type=\"widget\" data-widget_type=\"heading.default\">\n\t\t\t\t<div class=\"elementor-widget-container\">\n\t\t\t\t\t<h1 class=\"elementor-heading-title elementor-size-default\"><div class=\"contenido-pagina\">PROCESSEN EN VORDERINGEN <\/div><\/h1>\t\t\t\t<\/div>\n\t\t\t\t<\/div>\n\t\t\t\t<div class=\"elementor-element elementor-element-b923293 exad-sticky-section-no exad-glass-effect-no elementor-widget elementor-widget-text-editor\" data-id=\"b923293\" data-element_type=\"widget\" data-e-type=\"widget\" data-widget_type=\"text-editor.default\">\n\t\t\t\t<div class=\"elementor-widget-container\">\n\t\t\t\t\t\t\t\t\t<div class=\"contenido-pagina\">Snelle processen en overtredingen, claims, grondclausules, vermogenswinst, construc\u019fe,<br \/>onroerend goed en contracten.<\/div>\t\t\t\t\t\t\t\t<\/div>\n\t\t\t\t<\/div>\n\t\t\t\t\t<\/div>\n\t\t<\/div>\n\t\t\t\t<div class=\"elementor-column elementor-col-50 elementor-top-column elementor-element elementor-element-883bf05 exad-glass-effect-no exad-sticky-section-no\" data-id=\"883bf05\" data-element_type=\"column\" data-e-type=\"column\" data-settings=\"{&quot;background_background&quot;:&quot;classic&quot;}\">\n\t\t\t<div class=\"elementor-widget-wrap\">\n\t\t\t\t\t\t\t<\/div>\n\t\t<\/div>\n\t\t\t\t\t<\/div>\n\t\t<\/section>\n\t\t\t\t<section class=\"elementor-section elementor-top-section elementor-element elementor-element-b3640a5 elementor-section-boxed elementor-section-height-default elementor-section-height-default exad-glass-effect-no exad-sticky-section-no\" data-id=\"b3640a5\" data-element_type=\"section\" data-e-type=\"section\">\n\t\t\t\t\t\t<div class=\"elementor-container elementor-column-gap-default\">\n\t\t\t\t\t<div class=\"elementor-column elementor-col-100 elementor-top-column elementor-element elementor-element-f80fa84 exad-glass-effect-no exad-sticky-section-no\" data-id=\"f80fa84\" data-element_type=\"column\" data-e-type=\"column\">\n\t\t\t<div class=\"elementor-widget-wrap elementor-element-populated\">\n\t\t\t\t\t\t<div class=\"elementor-element elementor-element-bccce3d texto-interior exad-sticky-section-no exad-glass-effect-no elementor-widget elementor-widget-text-editor\" data-id=\"bccce3d\" data-element_type=\"widget\" data-e-type=\"widget\" data-widget_type=\"text-editor.default\">\n\t\t\t\t<div class=\"elementor-widget-container\">\n\t\t\t\t\t\t\t\t\t<p>Onze advocaten treden reeds meer dan 30 jaar op voor de rechtbanken van Murcia en Orihuela. We kunnen je helpen met elk probleem dat je hebt, maar hieronder vind je een kort overzicht<br \/>van de meest voorkomende.<\/p><p><b>SNELLE PROCESSEN EN OVERTREDINGEN<\/b><\/p><p>Soms is het nodig om voor de rechtbank te verschijnen voor het rijden onder invloed van alcohol of drugs. Deze procedure is eenvoudig en snel als het om een kleine zaak gaat. We houden een hoorzi\u01abng waar we bespreken of het raadzamer is om een schikking te treffen met de aanklager of om te vechten voor een beter resultaat. Het vonnis wordt op de dag van de hoorzi\u01abng bepaald door de rechtbank en de resultaten kunnen sterk vari\u00ebren, a\u012cankelijk of het je eerste overtreding is en hoe erns\u019fg deze is. Je kunt contact opnemen met onze advocaten in Murcia en <b>Orihuela Costa<\/b> voor advies en om eventuele vragen te stellen.<\/p><p><b>BODEMCLAUSULES, HYPOTHEEKKOSTEN EN ANDERE PROBLEMEN MET BANKEN<\/b><\/p><p>De afgelopen jaren zijn banken uitgegroeid tot de belangrijkste oorzaak van rechtszaken in Spanje. Van bodemclausules die bele\u01a9en dat u profiteert van dalingen van de Euribor, hypotheken in meerdere valuta&#8217;s, onrechtma\u019fge rente voor te late betaling tot<br \/>hypotheekkosten. De lijst van onrechtma\u019fge clausules is lang en in veel gevallen kan terugbetaling worden ge\u00ebist.<br \/>Het hele proces kan tussen \u00e9\u00e9n en twee jaar duren, a\u012cankelijk van de rechtbank die de zaak behandelt, maar het is het wachten waard om je rechten te laten gelden. Je kunt contact met ons opnemen voor vragen of een vrijblijvende offerte, als we niet winnen<br \/>betaal je geen kosten.<\/p><p><b>TERUGGAVE MEERWAARDEBELASTING AANVRAGEN<\/b><\/p><p>De \u201cplusvalia\u201c is een belas\u019fng die je aan het gemeentehuis betaalt wanneer je je eigendom verkoopt. Het is gebaseerd op de kadastrale waarde van de grond en de veronderstelde s\u019fjging hiervan in de \u019fjd. Gemeentehuizen in Murcia en Orihuela Costa, zoals Torrevieja, Orihuela, TorrePacheco, San Javier en Cartagena, hebben bij verkoop de betaling ervan ge\u00ebist ondanks het feit dat het waardeverlies duidelijk is geweest. Als de verkoop met verlies hee\u014c plaatsgevonden, kunnen we dit terugvorderen, gesteund door meerdere gerechtelijke uitspraken, waaronder die van het Hooggerechtshof. Deze procedure kan enige \u019fjd in beslag nemen, omdat de meeste gemeentes geen bedrag terugbetalen zonder dat er een rechtszaak werd aangespannen. We bieden echter concurrerende prijzen zodat het wachten de moeite waard is.<\/p><p><b>BOUWGEBREKEN EN CONSTRUCTIEFOUTEN<\/b><\/p><p>Als het niet mogelijk is om tot een overeenkomst te komen met de constructeur, zijn er rechtsmiddelen waarmee je schadevergoeding of een verlaging van de prijs kunt eisen als je huis niet is voltooid volgens de overeengekomen specifica\u019fe, of als er problemen van welke aard dan<br \/>ook zijn.<\/p><p><b>TERUGVORDERING VAN BETAALDE BEDRAGEN VOOR DE BOUW VAN EEN WONING<\/b><\/p><p>Wij kunnen klanten helpen die grote bedragen hebben verloren die zijn ge\u00efnvesteerd in de bouw van hun droomhuis.<br \/>De meeste bedrijven die dergelijke betalingen hebben ontvangen, zijn verdwenen of failliet gegaan, maar het Hooggerechtshof hee\u014c de weg vrijgemaakt om banken aan te klagen die dergelijke betalingen hebben ontvangen, maar er niet voor hebben gezorgd dat de juiste<br \/>voorzorgsmaatregelen werden genomen. Neem contact met ons op voor een gra\u019fs consult of analyse van je zaak.<\/p><p><b>HUURCONTRACTEN, UITZETTINGEN EN INVORDERING VAN SCHULDEN<\/b><\/p><p>Eerst en vooral raden we je aan om goed advies in te winnen voordat je een huurcontract ondertekent. Als beide par\u019fjen op de hoogte zijn van hun rechten en plichten, is de kans op problemen veel kleiner, of het nu gaat om permanente verhuur of vakan\u019feverhuur.<br \/>Helaas komt het soms voor dat een problema\u019fsche huurder of verhuurder zijn maandelijkse huur niet meer betaalt of voor veel problemen gaat zorgen. Voor deze gevallen bestaat er een kort geding voor ontruiming, dat sneller is dan andere juridische procedures. A\u012cankelijk van<br \/>welke rechtbank de zaak behandelt, kan het bijvoorbeeld 4 maanden tot 1 jaar duren en kunnen we tegelijker\u019fjd ontruimen en de verschuldigde bedragen opeisen.<\/p><p>MEER WETEN? BEKIJK<a href=\"https:\/\/hernandezmora.com\/blog\"> ONZE BLOG<\/a><\/p>\t\t\t\t\t\t\t\t<\/div>\n\t\t\t\t<\/div>\n\t\t\t\t<div class=\"elementor-element elementor-element-46eb273 elementor-align-center exad-sticky-section-no exad-glass-effect-no elementor-widget elementor-widget-button\" data-id=\"46eb273\" data-element_type=\"widget\" data-e-type=\"widget\" data-widget_type=\"button.default\">\n\t\t\t\t<div class=\"elementor-widget-container\">\n\t\t\t\t\t\t\t\t\t<div class=\"elementor-button-wrapper\">\n\t\t\t\t\t<a class=\"elementor-button elementor-button-link elementor-size-sm\" href=\"https:\/\/hernandezmora.com\/nl\/\">\n\t\t\t\t\t\t<span class=\"elementor-button-content-wrapper\">\n\t\t\t\t\t\t\t\t\t<span class=\"elementor-button-text\">Terug naar<\/span>\n\t\t\t\t\t<\/span>\n\t\t\t\t\t<\/a>\n\t\t\t\t<\/div>\n\t\t\t\t\t\t\t\t<\/div>\n\t\t\t\t<\/div>\n\t\t\t\t\t<\/div>\n\t\t<\/div>\n\t\t\t\t\t<\/div>\n\t\t<\/section>\n\t\t\t\t<section class=\"elementor-section elementor-top-section elementor-element elementor-element-faecbd6 elementor-section-full_width elementor-section-height-default elementor-section-height-default exad-glass-effect-no exad-sticky-section-no\" data-id=\"faecbd6\" data-element_type=\"section\" data-e-type=\"section\">\n\t\t\t\t\t\t<div class=\"elementor-container elementor-column-gap-default\">\n\t\t\t\t\t<div class=\"elementor-column elementor-col-100 elementor-top-column elementor-element elementor-element-eba3ad3 exad-glass-effect-no exad-sticky-section-no\" data-id=\"eba3ad3\" data-element_type=\"column\" data-e-type=\"column\">\n\t\t\t<div class=\"elementor-widget-wrap elementor-element-populated\">\n\t\t\t\t\t\t<div class=\"elementor-element elementor-element-7c56cad exad-sticky-section-no exad-glass-effect-no elementor-widget elementor-widget-heading\" data-id=\"7c56cad\" data-element_type=\"widget\" data-e-type=\"widget\" data-widget_type=\"heading.default\">\n\t\t\t\t<div class=\"elementor-widget-container\">\n\t\t\t\t\t<h2 class=\"elementor-heading-title elementor-size-default\"><div class=\"contenido-pagina\">Maak je eerste afspraak<\/div><\/h2>\t\t\t\t<\/div>\n\t\t\t\t<\/div>\n\t\t\t\t<div class=\"elementor-element elementor-element-35a76f4 elementor-widget-divider--view-line exad-sticky-section-no exad-glass-effect-no elementor-widget elementor-widget-divider\" data-id=\"35a76f4\" data-element_type=\"widget\" data-e-type=\"widget\" data-widget_type=\"divider.default\">\n\t\t\t\t<div class=\"elementor-widget-container\">\n\t\t\t\t\t\t\t<div class=\"elementor-divider\">\n\t\t\t<span class=\"elementor-divider-separator\">\n\t\t\t\t\t\t<\/span>\n\t\t<\/div>\n\t\t\t\t\t\t<\/div>\n\t\t\t\t<\/div>\n\t\t\t\t<section class=\"elementor-section elementor-inner-section elementor-element elementor-element-c363e71 elementor-section-boxed elementor-section-height-default elementor-section-height-default exad-glass-effect-no exad-sticky-section-no\" data-id=\"c363e71\" data-element_type=\"section\" data-e-type=\"section\">\n\t\t\t\t\t\t<div class=\"elementor-container elementor-column-gap-default\">\n\t\t\t\t\t<div class=\"elementor-column elementor-col-50 elementor-inner-column elementor-element elementor-element-f9d52a1 exad-glass-effect-no exad-sticky-section-no\" data-id=\"f9d52a1\" data-element_type=\"column\" data-e-type=\"column\">\n\t\t\t<div class=\"elementor-widget-wrap elementor-element-populated\">\n\t\t\t\t\t\t<div class=\"elementor-element elementor-element-de9591c exad-sticky-section-no exad-glass-effect-no elementor-widget elementor-widget-text-editor\" data-id=\"de9591c\" data-element_type=\"widget\" data-e-type=\"widget\" data-widget_type=\"text-editor.default\">\n\t\t\t\t<div class=\"elementor-widget-container\">\n\t\t\t\t\t\t\t\t\t<div class=\"contenido-pagina\"><span>Vertel ons<\/span><span>over je zaak en wij nemen contact met je op.<\/span><\/div>\n\t\t\t\t\t\t\t\t<\/div>\n\t\t\t\t<\/div>\n\t\t\t\t\t<\/div>\n\t\t<\/div>\n\t\t\t\t<div class=\"elementor-column elementor-col-50 elementor-inner-column elementor-element elementor-element-742f52a exad-glass-effect-no exad-sticky-section-no\" data-id=\"742f52a\" data-element_type=\"column\" data-e-type=\"column\">\n\t\t\t<div class=\"elementor-widget-wrap elementor-element-populated\">\n\t\t\t\t\t\t<div class=\"elementor-element elementor-element-ec068c8 exad-sticky-section-no exad-glass-effect-no elementor-widget elementor-widget-shortcode\" data-id=\"ec068c8\" data-element_type=\"widget\" data-e-type=\"widget\" data-widget_type=\"shortcode.default\">\n\t\t\t\t<div class=\"elementor-widget-container\">\n\t\t\t\t\t\t\t<div class=\"elementor-shortcode\"><div class=\"contenido-pagina\">\n<div class=\"wpcf7 no-js\" id=\"wpcf7-f2633-o1\" lang=\"nl-NL\" dir=\"ltr\" data-wpcf7-id=\"2633\">\n<div class=\"screen-reader-response\"><p role=\"status\" aria-live=\"polite\" aria-atomic=\"true\"><\/p> <ul><\/ul><\/div>\n<form action=\"\/nl\/wp-json\/wp\/v2\/pages\/2712#wpcf7-f2633-o1\" method=\"post\" class=\"wpcf7-form init\" aria-label=\"Contactformulier\" novalidate=\"novalidate\" data-status=\"init\">\n<fieldset class=\"hidden-fields-container\"><input type=\"hidden\" name=\"_wpcf7\" value=\"2633\" \/><input type=\"hidden\" name=\"_wpcf7_version\" value=\"6.1.5\" \/><input type=\"hidden\" name=\"_wpcf7_locale\" value=\"nl_NL\" \/><input type=\"hidden\" name=\"_wpcf7_unit_tag\" value=\"wpcf7-f2633-o1\" \/><input type=\"hidden\" name=\"_wpcf7_container_post\" value=\"0\" \/><input type=\"hidden\" name=\"_wpcf7_posted_data_hash\" value=\"\" \/><input type=\"hidden\" name=\"_wpcf7_recaptcha_response\" value=\"\" \/>\n<\/fieldset>\n<div class=\"row\">\n\t<div class=\"col-12 col-sm-6\">\n\t\t<p><label><span class=\"wpcf7-form-control-wrap\" data-name=\"your-name\"><input size=\"40\" maxlength=\"400\" class=\"wpcf7-form-control wpcf7-text wpcf7-validates-as-required\" aria-required=\"true\" aria-invalid=\"false\" placeholder=\"Naam\" value=\"\" type=\"text\" name=\"your-name\" \/><\/span><\/label>\n\t\t<\/p>\n\t<\/div>\n\t<div class=\"col-12 col-sm-6\">\n\t\t<p><label><span class=\"wpcf7-form-control-wrap\" data-name=\"your-lastname\"><input size=\"40\" maxlength=\"400\" class=\"wpcf7-form-control wpcf7-text wpcf7-validates-as-required\" aria-required=\"true\" aria-invalid=\"false\" placeholder=\"Achternaam\" value=\"\" type=\"text\" name=\"your-lastname\" \/><\/span><\/label>\n\t\t<\/p>\n\t<\/div>\n\t<div class=\"col-12 col-sm-6\">\n\t\t<p><label><span class=\"wpcf7-form-control-wrap\" data-name=\"your-email\"><input size=\"40\" maxlength=\"400\" class=\"wpcf7-form-control wpcf7-email wpcf7-validates-as-required wpcf7-text wpcf7-validates-as-email\" aria-required=\"true\" aria-invalid=\"false\" placeholder=\"Email\" value=\"\" type=\"email\" name=\"your-email\" \/><\/span><\/label>\n\t\t<\/p>\n\t<\/div>\n\t<div class=\"col-12 col-sm-6\">\n\t\t<p><label><span class=\"wpcf7-form-control-wrap\" data-name=\"your-phone\"><input size=\"40\" maxlength=\"400\" class=\"wpcf7-form-control wpcf7-text wpcf7-validates-as-required\" aria-required=\"true\" aria-invalid=\"false\" placeholder=\"Telefoon\" value=\"\" type=\"text\" name=\"your-phone\" \/><\/span><\/label>\n\t\t<\/p>\n\t<\/div>\n\t<div class=\"col-sm-12\">\n\t\t<p><label><span class=\"wpcf7-form-control-wrap\" data-name=\"your-message\"><textarea cols=\"40\" rows=\"10\" maxlength=\"2000\" class=\"wpcf7-form-control wpcf7-textarea\" aria-invalid=\"false\" placeholder=\"Schrijf je bericht hier...\" name=\"your-message\"><\/textarea><\/span><\/label>\n\t\t<\/p>\n\t<\/div>\n\t<p><input class=\"wpcf7-form-control wpcf7-submit has-spinner\" type=\"submit\" value=\"Stuur\" \/>\n\t<\/p>\n<\/div><p style=\"display: none !important;\" class=\"akismet-fields-container\" data-prefix=\"_wpcf7_ak_\"><label>&#916;<textarea name=\"_wpcf7_ak_hp_textarea\" cols=\"45\" rows=\"8\" maxlength=\"100\"><\/textarea><\/label><input type=\"hidden\" id=\"ak_js_1\" name=\"_wpcf7_ak_js\" value=\"197\"\/><script>document.getElementById( \"ak_js_1\" ).setAttribute( \"value\", ( new Date() ).getTime() );<\/script><\/p><div class=\"wpcf7-response-output\" aria-hidden=\"true\"><\/div>\n<\/form>\n<\/div>\n<\/div><\/div>\n\t\t\t\t\t\t<\/div>\n\t\t\t\t<\/div>\n\t\t\t\t\t<\/div>\n\t\t<\/div>\n\t\t\t\t\t<\/div>\n\t\t<\/section>\n\t\t\t\t\t<\/div>\n\t\t<\/div>\n\t\t\t\t\t<\/div>\n\t\t<\/section>\n\t\t\t\t<\/div>\n\t\t","protected":false},"excerpt":{"rendered":"<p>PROCESSEN EN VORDERINGEN Snelle processen en overtredingen, claims, grondclausules, vermogenswinst, construc\u019fe,onroerend goed en contracten. Onze advocaten treden reeds meer dan 30 jaar op voor de rechtbanken van Murcia en Orihuela. We kunnen je helpen met elk probleem dat je hebt, maar hieronder vind je een kort overzichtvan de meest voorkomende. [&hellip;]<\/p>\n","protected":false},"author":1,"featured_media":0,"parent":0,"menu_order":0,"comment_status":"closed","ping_status":"closed","template":"elementor_header_footer","meta":{"_joinchat":[],"footnotes":""},"class_list":["post-2712","page","type-page","status-publish","hentry"],"_links":{"self":[{"href":"https:\/\/hernandezmora.com\/nl\/wp-json\/wp\/v2\/pages\/2712","targetHints":{"allow":["GET"]}}],"collection":[{"href":"https:\/\/hernandezmora.com\/nl\/wp-json\/wp\/v2\/pages"}],"about":[{"href":"https:\/\/hernandezmora.com\/nl\/wp-json\/wp\/v2\/types\/page"}],"author":[{"embeddable":true,"href":"https:\/\/hernandezmora.com\/nl\/wp-json\/wp\/v2\/users\/1"}],"replies":[{"embeddable":true,"href":"https:\/\/hernandezmora.com\/nl\/wp-json\/wp\/v2\/comments?post=2712"}],"version-history":[{"count":22,"href":"https:\/\/hernandezmora.com\/nl\/wp-json\/wp\/v2\/pages\/2712\/revisions"}],"predecessor-version":[{"id":2794,"href":"https:\/\/hernandezmora.com\/nl\/wp-json\/wp\/v2\/pages\/2712\/revisions\/2794"}],"wp:attachment":[{"href":"https:\/\/hernandezmora.com\/nl\/wp-json\/wp\/v2\/media?parent=2712"}],"curies":[{"name":"wp","href":"https:\/\/api.w.org\/{rel}","templated":true}]}}